{"id":827,"date":"2022-05-12T12:48:38","date_gmt":"2022-05-12T12:48:38","guid":{"rendered":"http:\/\/grau.stettiner.co\/?page_id=827"},"modified":"2022-08-26T08:38:54","modified_gmt":"2022-08-26T08:38:54","slug":"webakte","status":"publish","type":"page","link":"https:\/\/www.graulaw.eu\/de\/webakte\/","title":{"rendered":"Webakte"},"content":{"rendered":"\t\t<div data-elementor-type=\"wp-page\" data-elementor-id=\"827\" class=\"elementor elementor-827\">\n\t\t\t\t\t\t<section class=\"elementor-section elementor-top-section elementor-element elementor-element-945d93e elementor-section-full_width elementor-section-height-default elementor-section-height-default\" data-id=\"945d93e\" data-element_type=\"section\" data-e-type=\"section\">\n\t\t\t\t\t\t<div class=\"elementor-container elementor-column-gap-no\">\n\t\t\t\t\t<div class=\"elementor-column elementor-col-100 elementor-top-column elementor-element elementor-element-d265851\" data-id=\"d265851\" data-element_type=\"column\" data-e-type=\"column\">\n\t\t\t<div class=\"elementor-widget-wrap elementor-element-populated\">\n\t\t\t\t\t\t<div class=\"elementor-element elementor-element-5d98aa3 elementor-widget elementor-widget-image\" data-id=\"5d98aa3\" data-element_type=\"widget\" data-e-type=\"widget\" data-widget_type=\"image.default\">\n\t\t\t\t<div class=\"elementor-widget-container\">\n\t\t\t\t\t\t\t\t\t\t\t\t\t\t\t<img fetchpriority=\"high\" decoding=\"async\" width=\"1920\" height=\"300\" src=\"https:\/\/www.graulaw.eu\/wp-content\/uploads\/2022\/08\/header_mandanten.jpg\" class=\"attachment-full size-full wp-image-5658\" alt=\"\" srcset=\"https:\/\/www.graulaw.eu\/wp-content\/uploads\/2022\/08\/header_mandanten.jpg 1920w, https:\/\/www.graulaw.eu\/wp-content\/uploads\/2022\/08\/header_mandanten-300x47.jpg 300w, https:\/\/www.graulaw.eu\/wp-content\/uploads\/2022\/08\/header_mandanten-1024x160.jpg 1024w, https:\/\/www.graulaw.eu\/wp-content\/uploads\/2022\/08\/header_mandanten-768x120.jpg 768w, https:\/\/www.graulaw.eu\/wp-content\/uploads\/2022\/08\/header_mandanten-1536x240.jpg 1536w\" sizes=\"(max-width: 1920px) 100vw, 1920px\" \/>\t\t\t\t\t\t\t\t\t\t\t\t\t\t\t<\/div>\n\t\t\t\t<\/div>\n\t\t\t\t\t<\/div>\n\t\t<\/div>\n\t\t\t\t\t<\/div>\n\t\t<\/section>\n\t\t\t\t<section class=\"elementor-section elementor-top-section elementor-element elementor-element-b27d63c elementor-section-boxed elementor-section-height-default elementor-section-height-default\" data-id=\"b27d63c\" data-element_type=\"section\" data-e-type=\"section\" data-settings=\"{&quot;background_background&quot;:&quot;classic&quot;}\">\n\t\t\t\t\t\t<div class=\"elementor-container elementor-column-gap-no\">\n\t\t\t\t\t<div class=\"elementor-column elementor-col-100 elementor-top-column elementor-element elementor-element-9c08624\" data-id=\"9c08624\" data-element_type=\"column\" data-e-type=\"column\">\n\t\t\t<div class=\"elementor-widget-wrap elementor-element-populated\">\n\t\t\t\t\t\t<div class=\"elementor-element elementor-element-42ab82d elementor-widget elementor-widget-grau-breadcrumbs\" data-id=\"42ab82d\" data-element_type=\"widget\" data-e-type=\"widget\" data-widget_type=\"grau-breadcrumbs.default\">\n\t\t\t\t<div class=\"elementor-widget-container\">\n\t\t\t\t\t        <div class=\"grau-breadcrumbs\">\n                            <a href=\"\/de\/\">Start<\/a>\n                <span class=\"grau-breadcrumbs__arrow\"><\/span>\n                                <a href=\"\/de\/fur-mandanten\/\">F\u00fcr Mandanten<\/a>\n                <span class=\"grau-breadcrumbs__arrow\"><\/span>\n                                <a href=\"https:\/\/www.graulaw.eu\/de\/webakte\/\">Webakte<\/a>\n                <span class=\"grau-breadcrumbs__arrow\"><\/span>\n                        <\/div>\n        \t\t\t\t<\/div>\n\t\t\t\t<\/div>\n\t\t\t\t\t<\/div>\n\t\t<\/div>\n\t\t\t\t\t<\/div>\n\t\t<\/section>\n\t\t\t\t<section class=\"elementor-section elementor-top-section elementor-element elementor-element-4677e35 elementor-section-boxed elementor-section-height-default elementor-section-height-default\" data-id=\"4677e35\" data-element_type=\"section\" data-e-type=\"section\">\n\t\t\t\t\t\t<div class=\"elementor-container elementor-column-gap-default\">\n\t\t\t\t\t<div class=\"elementor-column elementor-col-100 elementor-top-column elementor-element elementor-element-fb8325b\" data-id=\"fb8325b\" data-element_type=\"column\" data-e-type=\"column\">\n\t\t\t<div class=\"elementor-widget-wrap elementor-element-populated\">\n\t\t\t\t\t\t<div class=\"elementor-element elementor-element-db17d2c elementor-widget elementor-widget-heading\" data-id=\"db17d2c\" data-element_type=\"widget\" data-e-type=\"widget\" data-widget_type=\"heading.default\">\n\t\t\t\t<div class=\"elementor-widget-container\">\n\t\t\t\t\t<h2 class=\"elementor-heading-title elementor-size-default\">Webakte<\/h2>\t\t\t\t<\/div>\n\t\t\t\t<\/div>\n\t\t\t\t\t<\/div>\n\t\t<\/div>\n\t\t\t\t\t<\/div>\n\t\t<\/section>\n\t\t\t\t<section class=\"elementor-section elementor-top-section elementor-element elementor-element-4ed746d elementor-section-boxed elementor-section-height-default elementor-section-height-default\" data-id=\"4ed746d\" data-element_type=\"section\" data-e-type=\"section\">\n\t\t\t\t\t\t<div class=\"elementor-container elementor-column-gap-default\">\n\t\t\t\t\t<div class=\"elementor-column elementor-col-100 elementor-top-column elementor-element elementor-element-78b5bf9\" data-id=\"78b5bf9\" data-element_type=\"column\" data-e-type=\"column\">\n\t\t\t<div class=\"elementor-widget-wrap elementor-element-populated\">\n\t\t\t\t\t\t<div class=\"elementor-element elementor-element-34f6680 elementor-blockquote--skin-border elementor-blockquote--button-color-official elementor-widget elementor-widget-blockquote\" data-id=\"34f6680\" data-element_type=\"widget\" data-e-type=\"widget\" data-widget_type=\"blockquote.default\">\n\t\t\t\t<div class=\"elementor-widget-container\">\n\t\t\t\t\t\t\t<blockquote class=\"elementor-blockquote\">\n\t\t\t<p class=\"elementor-blockquote__content\">\n\t\t\t\tWir arbeiten derzeit an der M\u00f6glichkeit, Ihnen Zugang zu den von uns gef\u00fchrten elektronischen Akten zu gew\u00e4hren, damit Sie direkten Zugriff auf Korrespondenz, amtliche Schreiben und Verfahrensunterlagen zu Ihren F\u00e4llen haben.    \t\t\t<\/p>\n\t\t\t\t\t<\/blockquote>\n\t\t\t\t\t\t<\/div>\n\t\t\t\t<\/div>\n\t\t\t\t\t<\/div>\n\t\t<\/div>\n\t\t\t\t\t<\/div>\n\t\t<\/section>\n\t\t\t\t<section class=\"elementor-section elementor-top-section elementor-element elementor-element-7ba9021 elementor-hidden-desktop elementor-hidden-tablet elementor-hidden-mobile elementor-section-boxed elementor-section-height-default elementor-section-height-default\" data-id=\"7ba9021\" data-element_type=\"section\" data-e-type=\"section\">\n\t\t\t\t\t\t<div class=\"elementor-container elementor-column-gap-default\">\n\t\t\t\t\t<div class=\"elementor-column elementor-col-100 elementor-top-column elementor-element elementor-element-19ba3cb\" data-id=\"19ba3cb\" data-element_type=\"column\" data-e-type=\"column\">\n\t\t\t<div class=\"elementor-widget-wrap elementor-element-populated\">\n\t\t\t\t\t\t<div class=\"elementor-element elementor-element-fb6c40d elementor-widget elementor-widget-text-editor\" data-id=\"fb6c40d\" data-element_type=\"widget\" data-e-type=\"widget\" data-widget_type=\"text-editor.default\">\n\t\t\t\t<div class=\"elementor-widget-container\">\n\t\t\t\t\t\t\t\t\t<p>Repudam adist dunt velectem int, cor acearum velesto rroreicit, quosto blanim in rest, quataescita illant, tenda quossin rest, volut velestorrum, inciatia il et hic tectatem vercias aliquiam volorectusam.<\/p><p><strong>\u2022 Eatiumquo earum ducium<\/strong><br \/><strong>\u2022 Estinum rempersped es ius sinti dolorsun<\/strong><br \/><strong>\u2022 Nus que essunt omnis maionsequas <\/strong><br \/><strong>\u2022 Latia quo cum acerrumquo modios dolorer<\/strong><\/p>\t\t\t\t\t\t\t\t<\/div>\n\t\t\t\t<\/div>\n\t\t\t\t\t<\/div>\n\t\t<\/div>\n\t\t\t\t\t<\/div>\n\t\t<\/section>\n\t\t\t\t<section class=\"elementor-section elementor-top-section elementor-element elementor-element-7d73854 elementor-hidden-desktop elementor-hidden-tablet elementor-hidden-mobile elementor-section-boxed elementor-section-height-default elementor-section-height-default\" data-id=\"7d73854\" data-element_type=\"section\" data-e-type=\"section\">\n\t\t\t\t\t\t<div class=\"elementor-container elementor-column-gap-default\">\n\t\t\t\t\t<div class=\"elementor-column elementor-col-100 elementor-top-column elementor-element elementor-element-d8b518b\" data-id=\"d8b518b\" data-element_type=\"column\" data-e-type=\"column\">\n\t\t\t<div class=\"elementor-widget-wrap elementor-element-populated\">\n\t\t\t\t\t\t<div class=\"elementor-element elementor-element-ffab1ed elementor-widget elementor-widget-button\" data-id=\"ffab1ed\" data-element_type=\"widget\" data-e-type=\"widget\" data-widget_type=\"button.default\">\n\t\t\t\t<div class=\"elementor-widget-container\">\n\t\t\t\t\t\t\t\t\t<div class=\"elementor-button-wrapper\">\n\t\t\t\t\t<a class=\"elementor-button elementor-button-link elementor-size-sm\" href=\"https:\/\/www.webakte.de\/\" target=\"_blank\">\n\t\t\t\t\t\t<span class=\"elementor-button-content-wrapper\">\n\t\t\t\t\t\t<span class=\"elementor-button-icon\">\n\t\t\t\t<svg xmlns=\"http:\/\/www.w3.org\/2000\/svg\" width=\"18\" height=\"18\" viewBox=\"0 0 18 18\"><path d=\"M14.016-21H21v6.984H18.984v-3.562l-9.8,9.8L7.781-9.187l9.8-9.8H14.016ZM18.984-5.016V-12H21v6.984a1.932,1.932,0,0,1-.609,1.406A1.932,1.932,0,0,1,18.984-3H5.016a1.945,1.945,0,0,1-1.43-.586A1.945,1.945,0,0,1,3-5.016V-18.984a1.945,1.945,0,0,1,.586-1.43A1.945,1.945,0,0,1,5.016-21H12v2.016H5.016V-5.016Z\" transform=\"translate(-3 21)\" fill=\"#fff\"><\/path><\/svg>\t\t\t<\/span>\n\t\t\t\t\t\t\t\t\t<span class=\"elementor-button-text\">Webakte aufrufen<\/span>\n\t\t\t\t\t<\/span>\n\t\t\t\t\t<\/a>\n\t\t\t\t<\/div>\n\t\t\t\t\t\t\t\t<\/div>\n\t\t\t\t<\/div>\n\t\t\t\t\t<\/div>\n\t\t<\/div>\n\t\t\t\t\t<\/div>\n\t\t<\/section>\n\t\t\t\t<section class=\"elementor-section elementor-top-section elementor-element elementor-element-f7e8c08 elementor-section-full_width elementor-section-height-default elementor-section-height-default\" data-id=\"f7e8c08\" data-element_type=\"section\" data-e-type=\"section\">\n\t\t\t\t\t\t<div class=\"elementor-container elementor-column-gap-no\">\n\t\t\t\t\t<div class=\"elementor-column elementor-col-100 elementor-top-column elementor-element elementor-element-eaa3dcc\" data-id=\"eaa3dcc\" data-element_type=\"column\" data-e-type=\"column\">\n\t\t\t<div class=\"elementor-widget-wrap elementor-element-populated\">\n\t\t\t\t\t\t<div class=\"elementor-element elementor-element-c5e795b elementor-widget-divider--view-line elementor-widget elementor-widget-divider\" data-id=\"c5e795b\" data-element_type=\"widget\" data-e-type=\"widget\" data-widget_type=\"divider.default\">\n\t\t\t\t<div class=\"elementor-widget-container\">\n\t\t\t\t\t\t\t<div class=\"elementor-divider\">\n\t\t\t<span class=\"elementor-divider-separator\">\n\t\t\t\t\t\t<\/span>\n\t\t<\/div>\n\t\t\t\t\t\t<\/div>\n\t\t\t\t<\/div>\n\t\t\t\t\t<\/div>\n\t\t<\/div>\n\t\t\t\t\t<\/div>\n\t\t<\/section>\n\t\t\t\t<\/div>\n\t\t","protected":false},"excerpt":{"rendered":"<p>Start F\u00fcr Mandanten Webakte Wir arbeiten derzeit an der M\u00f6glichkeit, Ihnen Zugang zu den von uns gef\u00fchrten elektronischen Akten zu gew\u00e4hren, damit Sie direkten Zugriff auf Korrespondenz, amtliche Schreiben und Verfahrensunterlagen zu Ihren F\u00e4llen haben. Repudam adist dunt velectem int, cor acearum velesto rroreicit, quosto blanim in rest, quataescita illant, tenda quossin rest, volut velestorrum, [&hellip;]<\/p>\n","protected":false},"author":8,"featured_media":0,"parent":0,"menu_order":0,"comment_status":"closed","ping_status":"closed","template":"elementor_header_footer","meta":{"inline_featured_image":false,"footnotes":""},"class_list":["post-827","page","type-page","status-publish","hentry"],"yoast_head":"<!-- This site is optimized with the Yoast SEO plugin v27.4 - https:\/\/yoast.com\/product\/yoast-seo-wordpress\/ -->\n<title>Webakte | Grau Rechtsanw\u00e4lte PartGmbB<\/title>\n<meta name=\"robots\" content=\"index, follow, max-snippet:-1, max-image-preview:large, max-video-preview:-1\" \/>\n<link rel=\"canonical\" href=\"https:\/\/www.graulaw.eu\/de\/webakte\/\" \/>\n<meta property=\"og:locale\" content=\"de_DE\" \/>\n<meta property=\"og:type\" content=\"article\" \/>\n<meta property=\"og:title\" content=\"Webakte | Grau Rechtsanw\u00e4lte PartGmbB\" \/>\n<meta property=\"og:description\" content=\"Start F\u00fcr Mandanten Webakte Wir arbeiten derzeit an der M\u00f6glichkeit, Ihnen Zugang zu den von uns gef\u00fchrten elektronischen Akten zu gew\u00e4hren, damit Sie direkten Zugriff auf Korrespondenz, amtliche Schreiben und Verfahrensunterlagen zu Ihren F\u00e4llen haben. Repudam adist dunt velectem int, cor acearum velesto rroreicit, quosto blanim in rest, quataescita illant, tenda quossin rest, volut velestorrum, [&hellip;]\" \/>\n<meta property=\"og:url\" content=\"https:\/\/www.graulaw.eu\/de\/webakte\/\" \/>\n<meta property=\"og:site_name\" content=\"Grau Rechtsanw\u00e4lte PartGmbB\" \/>\n<meta property=\"article:publisher\" content=\"https:\/\/www.facebook.com\/ecommercegermany\" \/>\n<meta property=\"article:modified_time\" content=\"2022-08-26T08:38:54+00:00\" \/>\n<meta property=\"og:image\" content=\"http:\/\/grau.stettiner.co\/wp-content\/uploads\/2022\/08\/header_mandanten.jpg\" \/>\n<meta name=\"twitter:card\" content=\"summary_large_image\" \/>\n<script type=\"application\/ld+json\" class=\"yoast-schema-graph\">{\"@context\":\"https:\\\/\\\/schema.org\",\"@graph\":[{\"@type\":\"WebPage\",\"@id\":\"https:\\\/\\\/www.graulaw.eu\\\/de\\\/webakte\\\/\",\"url\":\"https:\\\/\\\/www.graulaw.eu\\\/de\\\/webakte\\\/\",\"name\":\"Webakte | Grau Rechtsanw\u00e4lte PartGmbB\",\"isPartOf\":{\"@id\":\"https:\\\/\\\/www.graulaw.eu\\\/de\\\/#website\"},\"primaryImageOfPage\":{\"@id\":\"https:\\\/\\\/www.graulaw.eu\\\/de\\\/webakte\\\/#primaryimage\"},\"image\":{\"@id\":\"https:\\\/\\\/www.graulaw.eu\\\/de\\\/webakte\\\/#primaryimage\"},\"thumbnailUrl\":\"http:\\\/\\\/grau.stettiner.co\\\/wp-content\\\/uploads\\\/2022\\\/08\\\/header_mandanten.jpg\",\"datePublished\":\"2022-05-12T12:48:38+00:00\",\"dateModified\":\"2022-08-26T08:38:54+00:00\",\"breadcrumb\":{\"@id\":\"https:\\\/\\\/www.graulaw.eu\\\/de\\\/webakte\\\/#breadcrumb\"},\"inLanguage\":\"de\",\"potentialAction\":[{\"@type\":\"ReadAction\",\"target\":[\"https:\\\/\\\/www.graulaw.eu\\\/de\\\/webakte\\\/\"]}]},{\"@type\":\"ImageObject\",\"inLanguage\":\"de\",\"@id\":\"https:\\\/\\\/www.graulaw.eu\\\/de\\\/webakte\\\/#primaryimage\",\"url\":\"http:\\\/\\\/grau.stettiner.co\\\/wp-content\\\/uploads\\\/2022\\\/08\\\/header_mandanten.jpg\",\"contentUrl\":\"http:\\\/\\\/grau.stettiner.co\\\/wp-content\\\/uploads\\\/2022\\\/08\\\/header_mandanten.jpg\"},{\"@type\":\"BreadcrumbList\",\"@id\":\"https:\\\/\\\/www.graulaw.eu\\\/de\\\/webakte\\\/#breadcrumb\",\"itemListElement\":[{\"@type\":\"ListItem\",\"position\":1,\"name\":\"Home\",\"item\":\"https:\\\/\\\/www.graulaw.eu\\\/de\\\/\"},{\"@type\":\"ListItem\",\"position\":2,\"name\":\"Webakte\"}]},{\"@type\":\"WebSite\",\"@id\":\"https:\\\/\\\/www.graulaw.eu\\\/de\\\/#website\",\"url\":\"https:\\\/\\\/www.graulaw.eu\\\/de\\\/\",\"name\":\"Grau Rechtsanw\u00e4lte PartGmbB\",\"description\":\"GRAU Rechtsanw\u00e4lte PartGmbB ist eine international ausgerichtete Rechtsanwaltskanzlei mit wirtschaftsrechtlicher Ausrichtung und Sitz in Hamburg.\",\"publisher\":{\"@id\":\"https:\\\/\\\/www.graulaw.eu\\\/de\\\/#organization\"},\"potentialAction\":[{\"@type\":\"SearchAction\",\"target\":{\"@type\":\"EntryPoint\",\"urlTemplate\":\"https:\\\/\\\/www.graulaw.eu\\\/de\\\/?s={search_term_string}\"},\"query-input\":{\"@type\":\"PropertyValueSpecification\",\"valueRequired\":true,\"valueName\":\"search_term_string\"}}],\"inLanguage\":\"de\"},{\"@type\":\"Organization\",\"@id\":\"https:\\\/\\\/www.graulaw.eu\\\/de\\\/#organization\",\"name\":\"Grau Rechtsanw\u00e4lte PartGmbB\",\"url\":\"https:\\\/\\\/www.graulaw.eu\\\/de\\\/\",\"logo\":{\"@type\":\"ImageObject\",\"inLanguage\":\"de\",\"@id\":\"https:\\\/\\\/www.graulaw.eu\\\/de\\\/#\\\/schema\\\/logo\\\/image\\\/\",\"url\":\"https:\\\/\\\/www.graulaw.eu\\\/wp-content\\\/uploads\\\/2022\\\/04\\\/logo.svg\",\"contentUrl\":\"https:\\\/\\\/www.graulaw.eu\\\/wp-content\\\/uploads\\\/2022\\\/04\\\/logo.svg\",\"width\":150,\"height\":48,\"caption\":\"Grau Rechtsanw\u00e4lte PartGmbB\"},\"image\":{\"@id\":\"https:\\\/\\\/www.graulaw.eu\\\/de\\\/#\\\/schema\\\/logo\\\/image\\\/\"},\"sameAs\":[\"https:\\\/\\\/www.facebook.com\\\/ecommercegermany\",\"https:\\\/\\\/www.facebook.com\\\/graulawtransport\",\"https:\\\/\\\/www.linkedin.com\\\/company\\\/graulaw\\\/\"]}]}<\/script>\n<!-- \/ Yoast SEO plugin. -->","yoast_head_json":{"title":"Webakte | Grau Rechtsanw\u00e4lte PartGmbB","robots":{"index":"index","follow":"follow","max-snippet":"max-snippet:-1","max-image-preview":"max-image-preview:large","max-video-preview":"max-video-preview:-1"},"canonical":"https:\/\/www.graulaw.eu\/de\/webakte\/","og_locale":"de_DE","og_type":"article","og_title":"Webakte | Grau Rechtsanw\u00e4lte PartGmbB","og_description":"Start F\u00fcr Mandanten Webakte Wir arbeiten derzeit an der M\u00f6glichkeit, Ihnen Zugang zu den von uns gef\u00fchrten elektronischen Akten zu gew\u00e4hren, damit Sie direkten Zugriff auf Korrespondenz, amtliche Schreiben und Verfahrensunterlagen zu Ihren F\u00e4llen haben. Repudam adist dunt velectem int, cor acearum velesto rroreicit, quosto blanim in rest, quataescita illant, tenda quossin rest, volut velestorrum, [&hellip;]","og_url":"https:\/\/www.graulaw.eu\/de\/webakte\/","og_site_name":"Grau Rechtsanw\u00e4lte PartGmbB","article_publisher":"https:\/\/www.facebook.com\/ecommercegermany","article_modified_time":"2022-08-26T08:38:54+00:00","og_image":[{"url":"http:\/\/grau.stettiner.co\/wp-content\/uploads\/2022\/08\/header_mandanten.jpg","type":"","width":"","height":""}],"twitter_card":"summary_large_image","schema":{"@context":"https:\/\/schema.org","@graph":[{"@type":"WebPage","@id":"https:\/\/www.graulaw.eu\/de\/webakte\/","url":"https:\/\/www.graulaw.eu\/de\/webakte\/","name":"Webakte | Grau Rechtsanw\u00e4lte PartGmbB","isPartOf":{"@id":"https:\/\/www.graulaw.eu\/de\/#website"},"primaryImageOfPage":{"@id":"https:\/\/www.graulaw.eu\/de\/webakte\/#primaryimage"},"image":{"@id":"https:\/\/www.graulaw.eu\/de\/webakte\/#primaryimage"},"thumbnailUrl":"http:\/\/grau.stettiner.co\/wp-content\/uploads\/2022\/08\/header_mandanten.jpg","datePublished":"2022-05-12T12:48:38+00:00","dateModified":"2022-08-26T08:38:54+00:00","breadcrumb":{"@id":"https:\/\/www.graulaw.eu\/de\/webakte\/#breadcrumb"},"inLanguage":"de","potentialAction":[{"@type":"ReadAction","target":["https:\/\/www.graulaw.eu\/de\/webakte\/"]}]},{"@type":"ImageObject","inLanguage":"de","@id":"https:\/\/www.graulaw.eu\/de\/webakte\/#primaryimage","url":"http:\/\/grau.stettiner.co\/wp-content\/uploads\/2022\/08\/header_mandanten.jpg","contentUrl":"http:\/\/grau.stettiner.co\/wp-content\/uploads\/2022\/08\/header_mandanten.jpg"},{"@type":"BreadcrumbList","@id":"https:\/\/www.graulaw.eu\/de\/webakte\/#breadcrumb","itemListElement":[{"@type":"ListItem","position":1,"name":"Home","item":"https:\/\/www.graulaw.eu\/de\/"},{"@type":"ListItem","position":2,"name":"Webakte"}]},{"@type":"WebSite","@id":"https:\/\/www.graulaw.eu\/de\/#website","url":"https:\/\/www.graulaw.eu\/de\/","name":"Grau Rechtsanw\u00e4lte PartGmbB","description":"GRAU Rechtsanw\u00e4lte PartGmbB ist eine international ausgerichtete Rechtsanwaltskanzlei mit wirtschaftsrechtlicher Ausrichtung und Sitz in Hamburg.","publisher":{"@id":"https:\/\/www.graulaw.eu\/de\/#organization"},"potentialAction":[{"@type":"SearchAction","target":{"@type":"EntryPoint","urlTemplate":"https:\/\/www.graulaw.eu\/de\/?s={search_term_string}"},"query-input":{"@type":"PropertyValueSpecification","valueRequired":true,"valueName":"search_term_string"}}],"inLanguage":"de"},{"@type":"Organization","@id":"https:\/\/www.graulaw.eu\/de\/#organization","name":"Grau Rechtsanw\u00e4lte PartGmbB","url":"https:\/\/www.graulaw.eu\/de\/","logo":{"@type":"ImageObject","inLanguage":"de","@id":"https:\/\/www.graulaw.eu\/de\/#\/schema\/logo\/image\/","url":"https:\/\/www.graulaw.eu\/wp-content\/uploads\/2022\/04\/logo.svg","contentUrl":"https:\/\/www.graulaw.eu\/wp-content\/uploads\/2022\/04\/logo.svg","width":150,"height":48,"caption":"Grau Rechtsanw\u00e4lte PartGmbB"},"image":{"@id":"https:\/\/www.graulaw.eu\/de\/#\/schema\/logo\/image\/"},"sameAs":["https:\/\/www.facebook.com\/ecommercegermany","https:\/\/www.facebook.com\/graulawtransport","https:\/\/www.linkedin.com\/company\/graulaw\/"]}]}},"_links":{"self":[{"href":"https:\/\/www.graulaw.eu\/de\/wp-json\/wp\/v2\/pages\/827","targetHints":{"allow":["GET"]}}],"collection":[{"href":"https:\/\/www.graulaw.eu\/de\/wp-json\/wp\/v2\/pages"}],"about":[{"href":"https:\/\/www.graulaw.eu\/de\/wp-json\/wp\/v2\/types\/page"}],"author":[{"embeddable":true,"href":"https:\/\/www.graulaw.eu\/de\/wp-json\/wp\/v2\/users\/8"}],"replies":[{"embeddable":true,"href":"https:\/\/www.graulaw.eu\/de\/wp-json\/wp\/v2\/comments?post=827"}],"version-history":[{"count":35,"href":"https:\/\/www.graulaw.eu\/de\/wp-json\/wp\/v2\/pages\/827\/revisions"}],"predecessor-version":[{"id":5925,"href":"https:\/\/www.graulaw.eu\/de\/wp-json\/wp\/v2\/pages\/827\/revisions\/5925"}],"wp:attachment":[{"href":"https:\/\/www.graulaw.eu\/de\/wp-json\/wp\/v2\/media?parent=827"}],"curies":[{"name":"wp","href":"https:\/\/api.w.org\/{rel}","templated":true}]}}