{"id":708,"date":"2022-05-12T10:48:52","date_gmt":"2022-05-12T10:48:52","guid":{"rendered":"http:\/\/grau.stettiner.co\/?page_id=708"},"modified":"2022-09-27T12:44:14","modified_gmt":"2022-09-27T12:44:14","slug":"unlauterer-wettbewerb","status":"publish","type":"page","link":"https:\/\/www.graulaw.eu\/de\/unlauterer-wettbewerb\/","title":{"rendered":"Unlauterer Wettbewerb"},"content":{"rendered":"\t\t<div data-elementor-type=\"wp-page\" data-elementor-id=\"708\" class=\"elementor elementor-708\">\n\t\t\t\t\t\t<section class=\"elementor-section elementor-top-section elementor-element elementor-element-1b5074b elementor-section-boxed elementor-section-height-default elementor-section-height-default\" data-id=\"1b5074b\" data-element_type=\"section\" data-e-type=\"section\" data-settings=\"{&quot;background_background&quot;:&quot;slideshow&quot;,&quot;background_slideshow_gallery&quot;:[{&quot;id&quot;:5124,&quot;url&quot;:&quot;https:\\\/\\\/www.graulaw.eu\\\/wp-content\\\/uploads\\\/2022\\\/07\\\/grau_header-bg_expertise_1920x300-min.jpg&quot;}],&quot;background_slideshow_slide_duration&quot;:5000,&quot;background_slideshow_slide_transition&quot;:&quot;fade&quot;,&quot;background_slideshow_transition_duration&quot;:500}\">\n\t\t\t\t\t\t<div class=\"elementor-container elementor-column-gap-no\">\n\t\t\t\t\t<div class=\"elementor-column elementor-col-100 elementor-top-column elementor-element elementor-element-4638234\" data-id=\"4638234\" data-element_type=\"column\" data-e-type=\"column\">\n\t\t\t<div class=\"elementor-widget-wrap elementor-element-populated\">\n\t\t\t\t\t\t<div class=\"elementor-element elementor-element-1233e69 elementor-widget elementor-widget-image\" data-id=\"1233e69\" data-element_type=\"widget\" data-e-type=\"widget\" data-widget_type=\"image.default\">\n\t\t\t\t<div class=\"elementor-widget-container\">\n\t\t\t\t\t\t\t\t\t\t\t\t\t\t\t<img fetchpriority=\"high\" decoding=\"async\" width=\"1366\" height=\"300\" src=\"https:\/\/www.graulaw.eu\/wp-content\/uploads\/2022\/07\/header-2.png\" class=\"attachment-full size-full wp-image-5141\" alt=\"\" srcset=\"https:\/\/www.graulaw.eu\/wp-content\/uploads\/2022\/07\/header-2.png 1366w, https:\/\/www.graulaw.eu\/wp-content\/uploads\/2022\/07\/header-2-300x66.png 300w, https:\/\/www.graulaw.eu\/wp-content\/uploads\/2022\/07\/header-2-1024x225.png 1024w, https:\/\/www.graulaw.eu\/wp-content\/uploads\/2022\/07\/header-2-768x169.png 768w\" sizes=\"(max-width: 1366px) 100vw, 1366px\" \/>\t\t\t\t\t\t\t\t\t\t\t\t\t\t\t<\/div>\n\t\t\t\t<\/div>\n\t\t\t\t\t<\/div>\n\t\t<\/div>\n\t\t\t\t\t<\/div>\n\t\t<\/section>\n\t\t\t\t<section class=\"elementor-section elementor-top-section elementor-element elementor-element-09523eb elementor-section-boxed elementor-section-height-default elementor-section-height-default\" data-id=\"09523eb\" data-element_type=\"section\" data-e-type=\"section\" data-settings=\"{&quot;background_background&quot;:&quot;classic&quot;}\">\n\t\t\t\t\t\t<div class=\"elementor-container elementor-column-gap-no\">\n\t\t\t\t\t<div class=\"elementor-column elementor-col-100 elementor-top-column elementor-element elementor-element-b39e3c3\" data-id=\"b39e3c3\" data-element_type=\"column\" data-e-type=\"column\">\n\t\t\t<div class=\"elementor-widget-wrap elementor-element-populated\">\n\t\t\t\t\t\t<div class=\"elementor-element elementor-element-b17f041 elementor-widget elementor-widget-grau-breadcrumbs\" data-id=\"b17f041\" data-element_type=\"widget\" data-e-type=\"widget\" data-widget_type=\"grau-breadcrumbs.default\">\n\t\t\t\t<div class=\"elementor-widget-container\">\n\t\t\t\t\t        <div class=\"grau-breadcrumbs\">\n                            <a href=\"\/de\/\">Start<\/a>\n                <span class=\"grau-breadcrumbs__arrow\"><\/span>\n                                <a href=\"\/de\/unsere-expertise\/\">Unsere Expertise<\/a>\n                <span class=\"grau-breadcrumbs__arrow\"><\/span>\n                                <a href=\"\/de\/geistiges-eigentum\/\">Geistiges Eigentum<\/a>\n                <span class=\"grau-breadcrumbs__arrow\"><\/span>\n                                <a href=\"https:\/\/www.graulaw.eu\/de\/unlauterer-wettbewerb\/\">Unlauterer Wettbewerb<\/a>\n                <span class=\"grau-breadcrumbs__arrow\"><\/span>\n                        <\/div>\n        \t\t\t\t<\/div>\n\t\t\t\t<\/div>\n\t\t\t\t\t<\/div>\n\t\t<\/div>\n\t\t\t\t\t<\/div>\n\t\t<\/section>\n\t\t\t\t<section class=\"elementor-section elementor-top-section elementor-element elementor-element-b0a195d elementor-section-boxed elementor-section-height-default elementor-section-height-default\" data-id=\"b0a195d\" data-element_type=\"section\" data-e-type=\"section\">\n\t\t\t\t\t\t<div class=\"elementor-container elementor-column-gap-default\">\n\t\t\t\t\t<div class=\"elementor-column elementor-col-100 elementor-top-column elementor-element elementor-element-ede11b8\" data-id=\"ede11b8\" data-element_type=\"column\" data-e-type=\"column\">\n\t\t\t<div class=\"elementor-widget-wrap elementor-element-populated\">\n\t\t\t\t\t\t<div class=\"elementor-element elementor-element-03c84ab elementor-widget elementor-widget-heading\" data-id=\"03c84ab\" data-element_type=\"widget\" data-e-type=\"widget\" data-widget_type=\"heading.default\">\n\t\t\t\t<div class=\"elementor-widget-container\">\n\t\t\t\t\t<h1 class=\"elementor-heading-title elementor-size-default\">Unlauterer Wettbewerb<\/h1>\t\t\t\t<\/div>\n\t\t\t\t<\/div>\n\t\t\t\t\t<\/div>\n\t\t<\/div>\n\t\t\t\t\t<\/div>\n\t\t<\/section>\n\t\t\t\t<section class=\"elementor-section elementor-top-section elementor-element elementor-element-4a7d7e0 elementor-section-boxed elementor-section-height-default elementor-section-height-default\" data-id=\"4a7d7e0\" data-element_type=\"section\" data-e-type=\"section\">\n\t\t\t\t\t\t<div class=\"elementor-container elementor-column-gap-default\">\n\t\t\t\t\t<div class=\"elementor-column elementor-col-100 elementor-top-column elementor-element elementor-element-281673a\" data-id=\"281673a\" data-element_type=\"column\" data-e-type=\"column\">\n\t\t\t<div class=\"elementor-widget-wrap elementor-element-populated\">\n\t\t\t\t\t\t<div class=\"elementor-element elementor-element-205ee28 elementor-widget elementor-widget-text-editor\" data-id=\"205ee28\" data-element_type=\"widget\" data-e-type=\"widget\" data-widget_type=\"text-editor.default\">\n\t\t\t\t<div class=\"elementor-widget-container\">\n\t\t\t\t\t\t\t\t\t<p>F\u00fcr jedes Unternehmen, das auf dem Markt aktiv ist bzw. versucht, seine Ware auf dem Markt zu platzieren, ist das\u00a0<strong>Wettbewerbsrecht<\/strong>\u00a0eines der wichtigsten Rechtsgebiete. Jede gesch\u00e4ftliche Handlung eines Unternehmens, wie z.B.\u00a0<strong>Werbung, Internetauftritt<\/strong>\u00a0oder die\u00a0<strong>Art des<\/strong>\u00a0<strong>Warenvertriebes<\/strong>\u00a0k\u00f6nnen\u00a0<strong>wettbewerbsrechtlich relevant<\/strong>\u00a0sein. Wettbewerber auf hart umk\u00e4mpften M\u00e4rkten k\u00f6nnen gegeneinander im Rahmen des Wettbewerbsrechts vorgehen und aufgrund von Verletzungen ganze Kampagnen und Produkteinf\u00fchrungen untersagen lassen.<br \/><br \/><strong>GRAU Rechtsanw\u00e4lte PartGmbB beraten<\/strong>\u00a0<strong>Unternehmen in allen Fragen des Wettbewerbsrechts.<\/strong>\u00a0Dabei werden Werbekampagnen unter den Aspekten des Werberechts rechtlich betreut sowie die T\u00e4tigkeit der Wettbewerber auf die\u00a0<strong>wettbewerbsrechtliche Zul\u00e4ssigkeit<\/strong>\u00a0hin \u00fcberpr\u00fcft.<br \/><br \/><strong>GRAU Rechtsanw\u00e4lte PartGmbB<\/strong>\u00a0betreut Sie bei wettbewerbsrechtlichen<strong>\u00a0Streitigkeiten mit Konkurrenten<\/strong>,\u00a0<strong>Wirtschafts- und Verbraucherschutzverb\u00e4nden<\/strong>. Wir versenden und beantworten\u00a0<strong>Abmahnungen<\/strong>,\u00a0<strong>hinterlegen Schutzschriften<\/strong>, vertreten Sie bundesweit im<strong>\u00a0einstweiligen Verf\u00fcgungsverfahren<\/strong>\u00a0und auch in\u00a0<strong>Hauptsacheklagen?<\/strong><\/p>\t\t\t\t\t\t\t\t<\/div>\n\t\t\t\t<\/div>\n\t\t\t\t\t<\/div>\n\t\t<\/div>\n\t\t\t\t\t<\/div>\n\t\t<\/section>\n\t\t\t\t<section class=\"elementor-section elementor-top-section elementor-element elementor-element-65cbe4d elementor-section-boxed elementor-section-height-default elementor-section-height-default\" data-id=\"65cbe4d\" data-element_type=\"section\" data-e-type=\"section\" data-settings=\"{&quot;background_background&quot;:&quot;slideshow&quot;,&quot;background_slideshow_gallery&quot;:[{&quot;id&quot;:136,&quot;url&quot;:&quot;https:\\\/\\\/www.graulaw.eu\\\/wp-content\\\/uploads\\\/2022\\\/04\\\/contact_bg.jpg&quot;}],&quot;background_slideshow_slide_duration&quot;:5000,&quot;background_slideshow_slide_transition&quot;:&quot;fade&quot;,&quot;background_slideshow_transition_duration&quot;:500}\">\n\t\t\t\t\t\t<div class=\"elementor-container elementor-column-gap-default\">\n\t\t\t\t\t<div class=\"elementor-column elementor-col-100 elementor-top-column elementor-element elementor-element-233e25f\" data-id=\"233e25f\" data-element_type=\"column\" data-e-type=\"column\">\n\t\t\t<div class=\"elementor-widget-wrap elementor-element-populated\">\n\t\t\t\t\t\t<div class=\"elementor-element elementor-element-87bf578 elementor-widget elementor-widget-text-editor\" data-id=\"87bf578\" data-element_type=\"widget\" data-e-type=\"widget\" data-widget_type=\"text-editor.default\">\n\t\t\t\t<div class=\"elementor-widget-container\">\n\t\t\t\t\t\t\t\t\tSIE HABEN FRAGEN ODER BEN\u00d6TIGEN UNSEREN RAT?\t\t\t\t\t\t\t\t<\/div>\n\t\t\t\t<\/div>\n\t\t\t\t<div class=\"elementor-element elementor-element-906db46 elementor-widget elementor-widget-text-editor\" data-id=\"906db46\" data-element_type=\"widget\" data-e-type=\"widget\" data-widget_type=\"text-editor.default\">\n\t\t\t\t<div class=\"elementor-widget-container\">\n\t\t\t\t\t\t\t\t\t<p>Sprechen Sie uns an &#8211; wir helfen Ihnen weiter.<\/p>\t\t\t\t\t\t\t\t<\/div>\n\t\t\t\t<\/div>\n\t\t\t\t<div class=\"elementor-element elementor-element-55bff68 elementor-widget elementor-widget-button\" data-id=\"55bff68\" data-element_type=\"widget\" data-e-type=\"widget\" data-widget_type=\"button.default\">\n\t\t\t\t<div class=\"elementor-widget-container\">\n\t\t\t\t\t\t\t\t\t<div class=\"elementor-button-wrapper\">\n\t\t\t\t\t<a class=\"elementor-button elementor-button-link elementor-size-sm\" href=\"\/de\/kontakt\/\">\n\t\t\t\t\t\t<span class=\"elementor-button-content-wrapper\">\n\t\t\t\t\t\t\t\t\t<span class=\"elementor-button-text\">Zum Kontakt<\/span>\n\t\t\t\t\t<\/span>\n\t\t\t\t\t<\/a>\n\t\t\t\t<\/div>\n\t\t\t\t\t\t\t\t<\/div>\n\t\t\t\t<\/div>\n\t\t\t\t\t<\/div>\n\t\t<\/div>\n\t\t\t\t\t<\/div>\n\t\t<\/section>\n\t\t\t\t<\/div>\n\t\t","protected":false},"excerpt":{"rendered":"<p>Start Unsere Expertise Geistiges Eigentum Unlauterer Wettbewerb F\u00fcr jedes Unternehmen, das auf dem Markt aktiv ist bzw. versucht, seine Ware auf dem Markt zu platzieren, ist das\u00a0Wettbewerbsrecht\u00a0eines der wichtigsten Rechtsgebiete. Jede gesch\u00e4ftliche Handlung eines Unternehmens, wie z.B.\u00a0Werbung, Internetauftritt\u00a0oder die\u00a0Art des\u00a0Warenvertriebes\u00a0k\u00f6nnen\u00a0wettbewerbsrechtlich relevant\u00a0sein. Wettbewerber auf hart umk\u00e4mpften M\u00e4rkten k\u00f6nnen gegeneinander im Rahmen des Wettbewerbsrechts vorgehen und aufgrund [&hellip;]<\/p>\n","protected":false},"author":8,"featured_media":0,"parent":0,"menu_order":0,"comment_status":"closed","ping_status":"closed","template":"elementor_header_footer","meta":{"inline_featured_image":false,"footnotes":""},"class_list":["post-708","page","type-page","status-publish","hentry"],"yoast_head":"<!-- This site is optimized with the Yoast SEO plugin v27.4 - https:\/\/yoast.com\/product\/yoast-seo-wordpress\/ -->\n<title>Unlauterer Wettbewerb | Grau Rechtsanw\u00e4lte PartGmbB<\/title>\n<meta name=\"robots\" content=\"index, follow, max-snippet:-1, max-image-preview:large, max-video-preview:-1\" \/>\n<link rel=\"canonical\" href=\"https:\/\/www.graulaw.eu\/de\/unlauterer-wettbewerb\/\" \/>\n<meta property=\"og:locale\" content=\"de_DE\" \/>\n<meta property=\"og:type\" content=\"article\" \/>\n<meta property=\"og:title\" content=\"Unlauterer Wettbewerb | Grau Rechtsanw\u00e4lte PartGmbB\" \/>\n<meta property=\"og:description\" content=\"Start Unsere Expertise Geistiges Eigentum Unlauterer Wettbewerb F\u00fcr jedes Unternehmen, das auf dem Markt aktiv ist bzw. versucht, seine Ware auf dem Markt zu platzieren, ist das\u00a0Wettbewerbsrecht\u00a0eines der wichtigsten Rechtsgebiete. Jede gesch\u00e4ftliche Handlung eines Unternehmens, wie z.B.\u00a0Werbung, Internetauftritt\u00a0oder die\u00a0Art des\u00a0Warenvertriebes\u00a0k\u00f6nnen\u00a0wettbewerbsrechtlich relevant\u00a0sein. Wettbewerber auf hart umk\u00e4mpften M\u00e4rkten k\u00f6nnen gegeneinander im Rahmen des Wettbewerbsrechts vorgehen und aufgrund [&hellip;]\" \/>\n<meta property=\"og:url\" content=\"https:\/\/www.graulaw.eu\/de\/unlauterer-wettbewerb\/\" \/>\n<meta property=\"og:site_name\" content=\"Grau Rechtsanw\u00e4lte PartGmbB\" \/>\n<meta property=\"article:publisher\" content=\"https:\/\/www.facebook.com\/ecommercegermany\" \/>\n<meta property=\"article:modified_time\" content=\"2022-09-27T12:44:14+00:00\" \/>\n<meta property=\"og:image\" content=\"http:\/\/grau.stettiner.co\/wp-content\/uploads\/2022\/07\/header-2.png\" \/>\n<meta name=\"twitter:card\" content=\"summary_large_image\" \/>\n<meta name=\"twitter:label1\" content=\"Gesch\u00e4tzte Lesezeit\" \/>\n\t<meta name=\"twitter:data1\" content=\"1\u00a0Minute\" \/>\n<script type=\"application\/ld+json\" class=\"yoast-schema-graph\">{\"@context\":\"https:\\\/\\\/schema.org\",\"@graph\":[{\"@type\":\"WebPage\",\"@id\":\"https:\\\/\\\/www.graulaw.eu\\\/de\\\/unlauterer-wettbewerb\\\/\",\"url\":\"https:\\\/\\\/www.graulaw.eu\\\/de\\\/unlauterer-wettbewerb\\\/\",\"name\":\"Unlauterer Wettbewerb | Grau Rechtsanw\u00e4lte PartGmbB\",\"isPartOf\":{\"@id\":\"https:\\\/\\\/www.graulaw.eu\\\/de\\\/#website\"},\"primaryImageOfPage\":{\"@id\":\"https:\\\/\\\/www.graulaw.eu\\\/de\\\/unlauterer-wettbewerb\\\/#primaryimage\"},\"image\":{\"@id\":\"https:\\\/\\\/www.graulaw.eu\\\/de\\\/unlauterer-wettbewerb\\\/#primaryimage\"},\"thumbnailUrl\":\"http:\\\/\\\/grau.stettiner.co\\\/wp-content\\\/uploads\\\/2022\\\/07\\\/header-2.png\",\"datePublished\":\"2022-05-12T10:48:52+00:00\",\"dateModified\":\"2022-09-27T12:44:14+00:00\",\"breadcrumb\":{\"@id\":\"https:\\\/\\\/www.graulaw.eu\\\/de\\\/unlauterer-wettbewerb\\\/#breadcrumb\"},\"inLanguage\":\"de\",\"potentialAction\":[{\"@type\":\"ReadAction\",\"target\":[\"https:\\\/\\\/www.graulaw.eu\\\/de\\\/unlauterer-wettbewerb\\\/\"]}]},{\"@type\":\"ImageObject\",\"inLanguage\":\"de\",\"@id\":\"https:\\\/\\\/www.graulaw.eu\\\/de\\\/unlauterer-wettbewerb\\\/#primaryimage\",\"url\":\"http:\\\/\\\/grau.stettiner.co\\\/wp-content\\\/uploads\\\/2022\\\/07\\\/header-2.png\",\"contentUrl\":\"http:\\\/\\\/grau.stettiner.co\\\/wp-content\\\/uploads\\\/2022\\\/07\\\/header-2.png\"},{\"@type\":\"BreadcrumbList\",\"@id\":\"https:\\\/\\\/www.graulaw.eu\\\/de\\\/unlauterer-wettbewerb\\\/#breadcrumb\",\"itemListElement\":[{\"@type\":\"ListItem\",\"position\":1,\"name\":\"Home\",\"item\":\"https:\\\/\\\/www.graulaw.eu\\\/de\\\/\"},{\"@type\":\"ListItem\",\"position\":2,\"name\":\"Unlauterer Wettbewerb\"}]},{\"@type\":\"WebSite\",\"@id\":\"https:\\\/\\\/www.graulaw.eu\\\/de\\\/#website\",\"url\":\"https:\\\/\\\/www.graulaw.eu\\\/de\\\/\",\"name\":\"Grau Rechtsanw\u00e4lte PartGmbB\",\"description\":\"GRAU Rechtsanw\u00e4lte PartGmbB ist eine international ausgerichtete Rechtsanwaltskanzlei mit wirtschaftsrechtlicher Ausrichtung und Sitz in Hamburg.\",\"publisher\":{\"@id\":\"https:\\\/\\\/www.graulaw.eu\\\/de\\\/#organization\"},\"potentialAction\":[{\"@type\":\"SearchAction\",\"target\":{\"@type\":\"EntryPoint\",\"urlTemplate\":\"https:\\\/\\\/www.graulaw.eu\\\/de\\\/?s={search_term_string}\"},\"query-input\":{\"@type\":\"PropertyValueSpecification\",\"valueRequired\":true,\"valueName\":\"search_term_string\"}}],\"inLanguage\":\"de\"},{\"@type\":\"Organization\",\"@id\":\"https:\\\/\\\/www.graulaw.eu\\\/de\\\/#organization\",\"name\":\"Grau Rechtsanw\u00e4lte PartGmbB\",\"url\":\"https:\\\/\\\/www.graulaw.eu\\\/de\\\/\",\"logo\":{\"@type\":\"ImageObject\",\"inLanguage\":\"de\",\"@id\":\"https:\\\/\\\/www.graulaw.eu\\\/de\\\/#\\\/schema\\\/logo\\\/image\\\/\",\"url\":\"https:\\\/\\\/www.graulaw.eu\\\/wp-content\\\/uploads\\\/2022\\\/04\\\/logo.svg\",\"contentUrl\":\"https:\\\/\\\/www.graulaw.eu\\\/wp-content\\\/uploads\\\/2022\\\/04\\\/logo.svg\",\"width\":150,\"height\":48,\"caption\":\"Grau Rechtsanw\u00e4lte PartGmbB\"},\"image\":{\"@id\":\"https:\\\/\\\/www.graulaw.eu\\\/de\\\/#\\\/schema\\\/logo\\\/image\\\/\"},\"sameAs\":[\"https:\\\/\\\/www.facebook.com\\\/ecommercegermany\",\"https:\\\/\\\/www.facebook.com\\\/graulawtransport\",\"https:\\\/\\\/www.linkedin.com\\\/company\\\/graulaw\\\/\"]}]}<\/script>\n<!-- \/ Yoast SEO plugin. -->","yoast_head_json":{"title":"Unlauterer Wettbewerb | Grau Rechtsanw\u00e4lte PartGmbB","robots":{"index":"index","follow":"follow","max-snippet":"max-snippet:-1","max-image-preview":"max-image-preview:large","max-video-preview":"max-video-preview:-1"},"canonical":"https:\/\/www.graulaw.eu\/de\/unlauterer-wettbewerb\/","og_locale":"de_DE","og_type":"article","og_title":"Unlauterer Wettbewerb | Grau Rechtsanw\u00e4lte PartGmbB","og_description":"Start Unsere Expertise Geistiges Eigentum Unlauterer Wettbewerb F\u00fcr jedes Unternehmen, das auf dem Markt aktiv ist bzw. versucht, seine Ware auf dem Markt zu platzieren, ist das\u00a0Wettbewerbsrecht\u00a0eines der wichtigsten Rechtsgebiete. Jede gesch\u00e4ftliche Handlung eines Unternehmens, wie z.B.\u00a0Werbung, Internetauftritt\u00a0oder die\u00a0Art des\u00a0Warenvertriebes\u00a0k\u00f6nnen\u00a0wettbewerbsrechtlich relevant\u00a0sein. Wettbewerber auf hart umk\u00e4mpften M\u00e4rkten k\u00f6nnen gegeneinander im Rahmen des Wettbewerbsrechts vorgehen und aufgrund [&hellip;]","og_url":"https:\/\/www.graulaw.eu\/de\/unlauterer-wettbewerb\/","og_site_name":"Grau Rechtsanw\u00e4lte PartGmbB","article_publisher":"https:\/\/www.facebook.com\/ecommercegermany","article_modified_time":"2022-09-27T12:44:14+00:00","og_image":[{"url":"http:\/\/grau.stettiner.co\/wp-content\/uploads\/2022\/07\/header-2.png","type":"","width":"","height":""}],"twitter_card":"summary_large_image","twitter_misc":{"Gesch\u00e4tzte Lesezeit":"1\u00a0Minute"},"schema":{"@context":"https:\/\/schema.org","@graph":[{"@type":"WebPage","@id":"https:\/\/www.graulaw.eu\/de\/unlauterer-wettbewerb\/","url":"https:\/\/www.graulaw.eu\/de\/unlauterer-wettbewerb\/","name":"Unlauterer Wettbewerb | Grau Rechtsanw\u00e4lte PartGmbB","isPartOf":{"@id":"https:\/\/www.graulaw.eu\/de\/#website"},"primaryImageOfPage":{"@id":"https:\/\/www.graulaw.eu\/de\/unlauterer-wettbewerb\/#primaryimage"},"image":{"@id":"https:\/\/www.graulaw.eu\/de\/unlauterer-wettbewerb\/#primaryimage"},"thumbnailUrl":"http:\/\/grau.stettiner.co\/wp-content\/uploads\/2022\/07\/header-2.png","datePublished":"2022-05-12T10:48:52+00:00","dateModified":"2022-09-27T12:44:14+00:00","breadcrumb":{"@id":"https:\/\/www.graulaw.eu\/de\/unlauterer-wettbewerb\/#breadcrumb"},"inLanguage":"de","potentialAction":[{"@type":"ReadAction","target":["https:\/\/www.graulaw.eu\/de\/unlauterer-wettbewerb\/"]}]},{"@type":"ImageObject","inLanguage":"de","@id":"https:\/\/www.graulaw.eu\/de\/unlauterer-wettbewerb\/#primaryimage","url":"http:\/\/grau.stettiner.co\/wp-content\/uploads\/2022\/07\/header-2.png","contentUrl":"http:\/\/grau.stettiner.co\/wp-content\/uploads\/2022\/07\/header-2.png"},{"@type":"BreadcrumbList","@id":"https:\/\/www.graulaw.eu\/de\/unlauterer-wettbewerb\/#breadcrumb","itemListElement":[{"@type":"ListItem","position":1,"name":"Home","item":"https:\/\/www.graulaw.eu\/de\/"},{"@type":"ListItem","position":2,"name":"Unlauterer Wettbewerb"}]},{"@type":"WebSite","@id":"https:\/\/www.graulaw.eu\/de\/#website","url":"https:\/\/www.graulaw.eu\/de\/","name":"Grau Rechtsanw\u00e4lte PartGmbB","description":"GRAU Rechtsanw\u00e4lte PartGmbB ist eine international ausgerichtete Rechtsanwaltskanzlei mit wirtschaftsrechtlicher Ausrichtung und Sitz in Hamburg.","publisher":{"@id":"https:\/\/www.graulaw.eu\/de\/#organization"},"potentialAction":[{"@type":"SearchAction","target":{"@type":"EntryPoint","urlTemplate":"https:\/\/www.graulaw.eu\/de\/?s={search_term_string}"},"query-input":{"@type":"PropertyValueSpecification","valueRequired":true,"valueName":"search_term_string"}}],"inLanguage":"de"},{"@type":"Organization","@id":"https:\/\/www.graulaw.eu\/de\/#organization","name":"Grau Rechtsanw\u00e4lte PartGmbB","url":"https:\/\/www.graulaw.eu\/de\/","logo":{"@type":"ImageObject","inLanguage":"de","@id":"https:\/\/www.graulaw.eu\/de\/#\/schema\/logo\/image\/","url":"https:\/\/www.graulaw.eu\/wp-content\/uploads\/2022\/04\/logo.svg","contentUrl":"https:\/\/www.graulaw.eu\/wp-content\/uploads\/2022\/04\/logo.svg","width":150,"height":48,"caption":"Grau Rechtsanw\u00e4lte PartGmbB"},"image":{"@id":"https:\/\/www.graulaw.eu\/de\/#\/schema\/logo\/image\/"},"sameAs":["https:\/\/www.facebook.com\/ecommercegermany","https:\/\/www.facebook.com\/graulawtransport","https:\/\/www.linkedin.com\/company\/graulaw\/"]}]}},"_links":{"self":[{"href":"https:\/\/www.graulaw.eu\/de\/wp-json\/wp\/v2\/pages\/708","targetHints":{"allow":["GET"]}}],"collection":[{"href":"https:\/\/www.graulaw.eu\/de\/wp-json\/wp\/v2\/pages"}],"about":[{"href":"https:\/\/www.graulaw.eu\/de\/wp-json\/wp\/v2\/types\/page"}],"author":[{"embeddable":true,"href":"https:\/\/www.graulaw.eu\/de\/wp-json\/wp\/v2\/users\/8"}],"replies":[{"embeddable":true,"href":"https:\/\/www.graulaw.eu\/de\/wp-json\/wp\/v2\/comments?post=708"}],"version-history":[{"count":35,"href":"https:\/\/www.graulaw.eu\/de\/wp-json\/wp\/v2\/pages\/708\/revisions"}],"predecessor-version":[{"id":6575,"href":"https:\/\/www.graulaw.eu\/de\/wp-json\/wp\/v2\/pages\/708\/revisions\/6575"}],"wp:attachment":[{"href":"https:\/\/www.graulaw.eu\/de\/wp-json\/wp\/v2\/media?parent=708"}],"curies":[{"name":"wp","href":"https:\/\/api.w.org\/{rel}","templated":true}]}}