{"id":698,"date":"2022-05-12T10:44:41","date_gmt":"2022-05-12T10:44:41","guid":{"rendered":"http:\/\/grau.stettiner.co\/?page_id=698"},"modified":"2022-09-27T12:42:38","modified_gmt":"2022-09-27T12:42:38","slug":"geschmacksmusterrecht","status":"publish","type":"page","link":"https:\/\/www.graulaw.eu\/de\/geschmacksmusterrecht\/","title":{"rendered":"Geschmacksmusterrecht"},"content":{"rendered":"\t\t<div data-elementor-type=\"wp-page\" data-elementor-id=\"698\" class=\"elementor elementor-698\">\n\t\t\t\t\t\t<section class=\"elementor-section elementor-top-section elementor-element elementor-element-2d92806 elementor-section-boxed elementor-section-height-default elementor-section-height-default\" data-id=\"2d92806\" data-element_type=\"section\" data-e-type=\"section\" data-settings=\"{&quot;background_background&quot;:&quot;slideshow&quot;,&quot;background_slideshow_gallery&quot;:[{&quot;id&quot;:5124,&quot;url&quot;:&quot;https:\\\/\\\/www.graulaw.eu\\\/wp-content\\\/uploads\\\/2022\\\/07\\\/grau_header-bg_expertise_1920x300-min.jpg&quot;}],&quot;background_slideshow_slide_duration&quot;:5000,&quot;background_slideshow_slide_transition&quot;:&quot;fade&quot;,&quot;background_slideshow_transition_duration&quot;:500}\">\n\t\t\t\t\t\t<div class=\"elementor-container elementor-column-gap-no\">\n\t\t\t\t\t<div class=\"elementor-column elementor-col-100 elementor-top-column elementor-element elementor-element-30c7b1b\" data-id=\"30c7b1b\" data-element_type=\"column\" data-e-type=\"column\">\n\t\t\t<div class=\"elementor-widget-wrap elementor-element-populated\">\n\t\t\t\t\t\t<div class=\"elementor-element elementor-element-85e17f3 elementor-widget elementor-widget-image\" data-id=\"85e17f3\" data-element_type=\"widget\" data-e-type=\"widget\" data-widget_type=\"image.default\">\n\t\t\t\t<div class=\"elementor-widget-container\">\n\t\t\t\t\t\t\t\t\t\t\t\t\t\t\t<img fetchpriority=\"high\" decoding=\"async\" width=\"1366\" height=\"300\" src=\"https:\/\/www.graulaw.eu\/wp-content\/uploads\/2022\/07\/header-2.png\" class=\"attachment-full size-full wp-image-5141\" alt=\"\" srcset=\"https:\/\/www.graulaw.eu\/wp-content\/uploads\/2022\/07\/header-2.png 1366w, https:\/\/www.graulaw.eu\/wp-content\/uploads\/2022\/07\/header-2-300x66.png 300w, https:\/\/www.graulaw.eu\/wp-content\/uploads\/2022\/07\/header-2-1024x225.png 1024w, https:\/\/www.graulaw.eu\/wp-content\/uploads\/2022\/07\/header-2-768x169.png 768w\" sizes=\"(max-width: 1366px) 100vw, 1366px\" \/>\t\t\t\t\t\t\t\t\t\t\t\t\t\t\t<\/div>\n\t\t\t\t<\/div>\n\t\t\t\t\t<\/div>\n\t\t<\/div>\n\t\t\t\t\t<\/div>\n\t\t<\/section>\n\t\t\t\t<section class=\"elementor-section elementor-top-section elementor-element elementor-element-b072dda elementor-section-boxed elementor-section-height-default elementor-section-height-default\" data-id=\"b072dda\" data-element_type=\"section\" data-e-type=\"section\" data-settings=\"{&quot;background_background&quot;:&quot;classic&quot;}\">\n\t\t\t\t\t\t<div class=\"elementor-container elementor-column-gap-no\">\n\t\t\t\t\t<div class=\"elementor-column elementor-col-100 elementor-top-column elementor-element elementor-element-1f525f5\" data-id=\"1f525f5\" data-element_type=\"column\" data-e-type=\"column\">\n\t\t\t<div class=\"elementor-widget-wrap elementor-element-populated\">\n\t\t\t\t\t\t<div class=\"elementor-element elementor-element-eeae208 elementor-widget elementor-widget-grau-breadcrumbs\" data-id=\"eeae208\" data-element_type=\"widget\" data-e-type=\"widget\" data-widget_type=\"grau-breadcrumbs.default\">\n\t\t\t\t<div class=\"elementor-widget-container\">\n\t\t\t\t\t        <div class=\"grau-breadcrumbs\">\n                            <a href=\"\/de\/\">Start<\/a>\n                <span class=\"grau-breadcrumbs__arrow\"><\/span>\n                                <a href=\"\/de\/unsere-expertise\/\">Unsere Expertise<\/a>\n                <span class=\"grau-breadcrumbs__arrow\"><\/span>\n                                <a href=\"\/de\/geistiges-eigentum\/\">Geistiges Eigentum<\/a>\n                <span class=\"grau-breadcrumbs__arrow\"><\/span>\n                                <a href=\"https:\/\/www.graulaw.eu\/de\/geschmacksmusterrecht\/\">Geschmacksmusterrecht<\/a>\n                <span class=\"grau-breadcrumbs__arrow\"><\/span>\n                        <\/div>\n        \t\t\t\t<\/div>\n\t\t\t\t<\/div>\n\t\t\t\t\t<\/div>\n\t\t<\/div>\n\t\t\t\t\t<\/div>\n\t\t<\/section>\n\t\t\t\t<section class=\"elementor-section elementor-top-section elementor-element elementor-element-8fef0ed elementor-section-boxed elementor-section-height-default elementor-section-height-default\" data-id=\"8fef0ed\" data-element_type=\"section\" data-e-type=\"section\">\n\t\t\t\t\t\t<div class=\"elementor-container elementor-column-gap-default\">\n\t\t\t\t\t<div class=\"elementor-column elementor-col-100 elementor-top-column elementor-element elementor-element-174f08c\" data-id=\"174f08c\" data-element_type=\"column\" data-e-type=\"column\">\n\t\t\t<div class=\"elementor-widget-wrap elementor-element-populated\">\n\t\t\t\t\t\t<div class=\"elementor-element elementor-element-ea1a44e elementor-widget elementor-widget-heading\" data-id=\"ea1a44e\" data-element_type=\"widget\" data-e-type=\"widget\" data-widget_type=\"heading.default\">\n\t\t\t\t<div class=\"elementor-widget-container\">\n\t\t\t\t\t<h1 class=\"elementor-heading-title elementor-size-default\">Geschmacksmusterrecht<\/h1>\t\t\t\t<\/div>\n\t\t\t\t<\/div>\n\t\t\t\t\t<\/div>\n\t\t<\/div>\n\t\t\t\t\t<\/div>\n\t\t<\/section>\n\t\t\t\t<section class=\"elementor-section elementor-top-section elementor-element elementor-element-bd89792 elementor-section-boxed elementor-section-height-default elementor-section-height-default\" data-id=\"bd89792\" data-element_type=\"section\" data-e-type=\"section\">\n\t\t\t\t\t\t<div class=\"elementor-container elementor-column-gap-default\">\n\t\t\t\t\t<div class=\"elementor-column elementor-col-100 elementor-top-column elementor-element elementor-element-e5292af\" data-id=\"e5292af\" data-element_type=\"column\" data-e-type=\"column\">\n\t\t\t<div class=\"elementor-widget-wrap elementor-element-populated\">\n\t\t\t\t\t\t<div class=\"elementor-element elementor-element-7f5ea84 elementor-widget elementor-widget-text-editor\" data-id=\"7f5ea84\" data-element_type=\"widget\" data-e-type=\"widget\" data-widget_type=\"text-editor.default\">\n\t\t\t\t<div class=\"elementor-widget-container\">\n\t\t\t\t\t\t\t\t\t<p>Das\u00a0<strong>Geschmacksmuster<\/strong>\u00a0sch\u00fctzt Ihr Design.\u00a0<strong>GRAU Rechtsanw\u00e4lte PartGmbB<\/strong>\u00a0vertritt sie bei der Anmeldung von\u00a0<strong>nationalen Geschmacksmustern<\/strong>\u00a0(Deutsches Patent- und Markenamt), <strong>Gemeinschaftsgeschmacksmustern<\/strong>\u00a0(Harmonisierungsamt f\u00fcr den Binnenmarkt) sowie von internationalen Geschmacksmustern \u00fcber die\u00a0<strong>World Intellectual Property Organisation<\/strong>\u00a0und einzelnen internationalen Anmeldungen zusammen mit Korrespondenzkanzleien\u00a0<strong>weltweit<\/strong>. Dabei ist\u00a0<strong>Recherche nach eingetragenen und nicht eingetragenen Geschmacksmustern<\/strong>\u00a0stets notwendig und von unserem Leistungsangebot umfasst.<br \/><br \/><strong>Grau Rechtsanw\u00e4lte PartGmbB<\/strong>\u00a0vertritt Sie in Geschmacksmustersachen\u00a0<strong>bundesweit vor allen Gerichten<\/strong>, dem\u00a0<strong>Bundespatentgericht<\/strong>\u00a0sowie, zusammen mit dort zugelassenen Rechtsanw\u00e4lten, vor dem\u00a0<strong>Bundesgerichtshof<\/strong>. Au\u00dfergerichtlich unterst\u00fctzen wir Sie in allen Fragestellungen, die sich im Geschmacksmusterrecht stellen k\u00f6nnen wie\u00a0<strong>Abmahnungen, Abgrenzungsvereinbarungen sowie Lizenzvertr\u00e4gen<\/strong>. Auch bieten wir f\u00fcr Sie die\u00a0<strong>Verwaltung Ihrer Geschmacksmuster<\/strong>\u00a0an und vertreten Sie in\u00a0<strong>Straf- und Zollverfahren<\/strong>, die mit der\u00a0<strong>Verletzung von Geschmacksmustern<\/strong>\u00a0zusammenh\u00e4ngen.<br \/><br \/>Wir begleiten Sie gern auf\u00a0<strong>Messen<\/strong>, bewirken\u00a0<strong>Unterlassungen gegen Ihre Nachahmer<\/strong>\u00a0und verteidigen Sie im Falle von Angriffen aus fremden Schutzrechten.<\/p>\t\t\t\t\t\t\t\t<\/div>\n\t\t\t\t<\/div>\n\t\t\t\t\t<\/div>\n\t\t<\/div>\n\t\t\t\t\t<\/div>\n\t\t<\/section>\n\t\t\t\t<section class=\"elementor-section elementor-top-section elementor-element elementor-element-d4ca67a elementor-section-boxed elementor-section-height-default elementor-section-height-default\" data-id=\"d4ca67a\" data-element_type=\"section\" data-e-type=\"section\" data-settings=\"{&quot;background_background&quot;:&quot;slideshow&quot;,&quot;background_slideshow_gallery&quot;:[{&quot;id&quot;:136,&quot;url&quot;:&quot;https:\\\/\\\/www.graulaw.eu\\\/wp-content\\\/uploads\\\/2022\\\/04\\\/contact_bg.jpg&quot;}],&quot;background_slideshow_slide_duration&quot;:5000,&quot;background_slideshow_slide_transition&quot;:&quot;fade&quot;,&quot;background_slideshow_transition_duration&quot;:500}\">\n\t\t\t\t\t\t<div class=\"elementor-container elementor-column-gap-default\">\n\t\t\t\t\t<div class=\"elementor-column elementor-col-100 elementor-top-column elementor-element elementor-element-a27f444\" data-id=\"a27f444\" data-element_type=\"column\" data-e-type=\"column\">\n\t\t\t<div class=\"elementor-widget-wrap elementor-element-populated\">\n\t\t\t\t\t\t<div class=\"elementor-element elementor-element-b6eb6d8 elementor-widget elementor-widget-text-editor\" data-id=\"b6eb6d8\" data-element_type=\"widget\" data-e-type=\"widget\" data-widget_type=\"text-editor.default\">\n\t\t\t\t<div class=\"elementor-widget-container\">\n\t\t\t\t\t\t\t\t\tSIE HABEN FRAGEN ODER BEN\u00d6TIGEN UNSEREN RAT?\t\t\t\t\t\t\t\t<\/div>\n\t\t\t\t<\/div>\n\t\t\t\t<div class=\"elementor-element elementor-element-45be86a elementor-widget elementor-widget-text-editor\" data-id=\"45be86a\" data-element_type=\"widget\" data-e-type=\"widget\" data-widget_type=\"text-editor.default\">\n\t\t\t\t<div class=\"elementor-widget-container\">\n\t\t\t\t\t\t\t\t\t<p>Sprechen Sie uns an &#8211; wir helfen Ihnen weiter.<\/p>\t\t\t\t\t\t\t\t<\/div>\n\t\t\t\t<\/div>\n\t\t\t\t<div class=\"elementor-element elementor-element-f06ab40 elementor-widget elementor-widget-button\" data-id=\"f06ab40\" data-element_type=\"widget\" data-e-type=\"widget\" data-widget_type=\"button.default\">\n\t\t\t\t<div class=\"elementor-widget-container\">\n\t\t\t\t\t\t\t\t\t<div class=\"elementor-button-wrapper\">\n\t\t\t\t\t<a class=\"elementor-button elementor-button-link elementor-size-sm\" href=\"\/de\/kontakt\/\">\n\t\t\t\t\t\t<span class=\"elementor-button-content-wrapper\">\n\t\t\t\t\t\t\t\t\t<span class=\"elementor-button-text\">Zum Kontakt<\/span>\n\t\t\t\t\t<\/span>\n\t\t\t\t\t<\/a>\n\t\t\t\t<\/div>\n\t\t\t\t\t\t\t\t<\/div>\n\t\t\t\t<\/div>\n\t\t\t\t\t<\/div>\n\t\t<\/div>\n\t\t\t\t\t<\/div>\n\t\t<\/section>\n\t\t\t\t<\/div>\n\t\t","protected":false},"excerpt":{"rendered":"<p>Start Unsere Expertise Geistiges Eigentum Geschmacksmusterrecht Das\u00a0Geschmacksmuster\u00a0sch\u00fctzt Ihr Design.\u00a0GRAU Rechtsanw\u00e4lte PartGmbB\u00a0vertritt sie bei der Anmeldung von\u00a0nationalen Geschmacksmustern\u00a0(Deutsches Patent- und Markenamt), Gemeinschaftsgeschmacksmustern\u00a0(Harmonisierungsamt f\u00fcr den Binnenmarkt) sowie von internationalen Geschmacksmustern \u00fcber die\u00a0World Intellectual Property Organisation\u00a0und einzelnen internationalen Anmeldungen zusammen mit Korrespondenzkanzleien\u00a0weltweit. Dabei ist\u00a0Recherche nach eingetragenen und nicht eingetragenen Geschmacksmustern\u00a0stets notwendig und von unserem Leistungsangebot umfasst. Grau Rechtsanw\u00e4lte [&hellip;]<\/p>\n","protected":false},"author":8,"featured_media":0,"parent":0,"menu_order":0,"comment_status":"closed","ping_status":"closed","template":"elementor_header_footer","meta":{"inline_featured_image":false,"footnotes":""},"class_list":["post-698","page","type-page","status-publish","hentry"],"yoast_head":"<!-- This site is optimized with the Yoast SEO plugin v27.4 - https:\/\/yoast.com\/product\/yoast-seo-wordpress\/ -->\n<title>Geschmacksmusterrecht | Grau Rechtsanw\u00e4lte PartGmbB<\/title>\n<meta name=\"robots\" content=\"index, follow, max-snippet:-1, max-image-preview:large, max-video-preview:-1\" \/>\n<link rel=\"canonical\" href=\"https:\/\/www.graulaw.eu\/de\/geschmacksmusterrecht\/\" \/>\n<meta property=\"og:locale\" content=\"de_DE\" \/>\n<meta property=\"og:type\" content=\"article\" \/>\n<meta property=\"og:title\" content=\"Geschmacksmusterrecht | Grau Rechtsanw\u00e4lte PartGmbB\" \/>\n<meta property=\"og:description\" content=\"Start Unsere Expertise Geistiges Eigentum Geschmacksmusterrecht Das\u00a0Geschmacksmuster\u00a0sch\u00fctzt Ihr Design.\u00a0GRAU Rechtsanw\u00e4lte PartGmbB\u00a0vertritt sie bei der Anmeldung von\u00a0nationalen Geschmacksmustern\u00a0(Deutsches Patent- und Markenamt), Gemeinschaftsgeschmacksmustern\u00a0(Harmonisierungsamt f\u00fcr den Binnenmarkt) sowie von internationalen Geschmacksmustern \u00fcber die\u00a0World Intellectual Property Organisation\u00a0und einzelnen internationalen Anmeldungen zusammen mit Korrespondenzkanzleien\u00a0weltweit. Dabei ist\u00a0Recherche nach eingetragenen und nicht eingetragenen Geschmacksmustern\u00a0stets notwendig und von unserem Leistungsangebot umfasst. Grau Rechtsanw\u00e4lte [&hellip;]\" \/>\n<meta property=\"og:url\" content=\"https:\/\/www.graulaw.eu\/de\/geschmacksmusterrecht\/\" \/>\n<meta property=\"og:site_name\" content=\"Grau Rechtsanw\u00e4lte PartGmbB\" \/>\n<meta property=\"article:publisher\" content=\"https:\/\/www.facebook.com\/ecommercegermany\" \/>\n<meta property=\"article:modified_time\" content=\"2022-09-27T12:42:38+00:00\" \/>\n<meta property=\"og:image\" content=\"http:\/\/grau.stettiner.co\/wp-content\/uploads\/2022\/07\/header-2.png\" \/>\n<meta name=\"twitter:card\" content=\"summary_large_image\" \/>\n<meta name=\"twitter:label1\" content=\"Gesch\u00e4tzte Lesezeit\" \/>\n\t<meta name=\"twitter:data1\" content=\"1\u00a0Minute\" \/>\n<script type=\"application\/ld+json\" class=\"yoast-schema-graph\">{\"@context\":\"https:\\\/\\\/schema.org\",\"@graph\":[{\"@type\":\"WebPage\",\"@id\":\"https:\\\/\\\/www.graulaw.eu\\\/de\\\/geschmacksmusterrecht\\\/\",\"url\":\"https:\\\/\\\/www.graulaw.eu\\\/de\\\/geschmacksmusterrecht\\\/\",\"name\":\"Geschmacksmusterrecht | Grau Rechtsanw\u00e4lte PartGmbB\",\"isPartOf\":{\"@id\":\"https:\\\/\\\/www.graulaw.eu\\\/de\\\/#website\"},\"primaryImageOfPage\":{\"@id\":\"https:\\\/\\\/www.graulaw.eu\\\/de\\\/geschmacksmusterrecht\\\/#primaryimage\"},\"image\":{\"@id\":\"https:\\\/\\\/www.graulaw.eu\\\/de\\\/geschmacksmusterrecht\\\/#primaryimage\"},\"thumbnailUrl\":\"http:\\\/\\\/grau.stettiner.co\\\/wp-content\\\/uploads\\\/2022\\\/07\\\/header-2.png\",\"datePublished\":\"2022-05-12T10:44:41+00:00\",\"dateModified\":\"2022-09-27T12:42:38+00:00\",\"breadcrumb\":{\"@id\":\"https:\\\/\\\/www.graulaw.eu\\\/de\\\/geschmacksmusterrecht\\\/#breadcrumb\"},\"inLanguage\":\"de\",\"potentialAction\":[{\"@type\":\"ReadAction\",\"target\":[\"https:\\\/\\\/www.graulaw.eu\\\/de\\\/geschmacksmusterrecht\\\/\"]}]},{\"@type\":\"ImageObject\",\"inLanguage\":\"de\",\"@id\":\"https:\\\/\\\/www.graulaw.eu\\\/de\\\/geschmacksmusterrecht\\\/#primaryimage\",\"url\":\"http:\\\/\\\/grau.stettiner.co\\\/wp-content\\\/uploads\\\/2022\\\/07\\\/header-2.png\",\"contentUrl\":\"http:\\\/\\\/grau.stettiner.co\\\/wp-content\\\/uploads\\\/2022\\\/07\\\/header-2.png\"},{\"@type\":\"BreadcrumbList\",\"@id\":\"https:\\\/\\\/www.graulaw.eu\\\/de\\\/geschmacksmusterrecht\\\/#breadcrumb\",\"itemListElement\":[{\"@type\":\"ListItem\",\"position\":1,\"name\":\"Home\",\"item\":\"https:\\\/\\\/www.graulaw.eu\\\/de\\\/\"},{\"@type\":\"ListItem\",\"position\":2,\"name\":\"Geschmacksmusterrecht\"}]},{\"@type\":\"WebSite\",\"@id\":\"https:\\\/\\\/www.graulaw.eu\\\/de\\\/#website\",\"url\":\"https:\\\/\\\/www.graulaw.eu\\\/de\\\/\",\"name\":\"Grau Rechtsanw\u00e4lte PartGmbB\",\"description\":\"GRAU Rechtsanw\u00e4lte PartGmbB ist eine international ausgerichtete Rechtsanwaltskanzlei mit wirtschaftsrechtlicher Ausrichtung und Sitz in Hamburg.\",\"publisher\":{\"@id\":\"https:\\\/\\\/www.graulaw.eu\\\/de\\\/#organization\"},\"potentialAction\":[{\"@type\":\"SearchAction\",\"target\":{\"@type\":\"EntryPoint\",\"urlTemplate\":\"https:\\\/\\\/www.graulaw.eu\\\/de\\\/?s={search_term_string}\"},\"query-input\":{\"@type\":\"PropertyValueSpecification\",\"valueRequired\":true,\"valueName\":\"search_term_string\"}}],\"inLanguage\":\"de\"},{\"@type\":\"Organization\",\"@id\":\"https:\\\/\\\/www.graulaw.eu\\\/de\\\/#organization\",\"name\":\"Grau Rechtsanw\u00e4lte PartGmbB\",\"url\":\"https:\\\/\\\/www.graulaw.eu\\\/de\\\/\",\"logo\":{\"@type\":\"ImageObject\",\"inLanguage\":\"de\",\"@id\":\"https:\\\/\\\/www.graulaw.eu\\\/de\\\/#\\\/schema\\\/logo\\\/image\\\/\",\"url\":\"https:\\\/\\\/www.graulaw.eu\\\/wp-content\\\/uploads\\\/2022\\\/04\\\/logo.svg\",\"contentUrl\":\"https:\\\/\\\/www.graulaw.eu\\\/wp-content\\\/uploads\\\/2022\\\/04\\\/logo.svg\",\"width\":150,\"height\":48,\"caption\":\"Grau Rechtsanw\u00e4lte PartGmbB\"},\"image\":{\"@id\":\"https:\\\/\\\/www.graulaw.eu\\\/de\\\/#\\\/schema\\\/logo\\\/image\\\/\"},\"sameAs\":[\"https:\\\/\\\/www.facebook.com\\\/ecommercegermany\",\"https:\\\/\\\/www.facebook.com\\\/graulawtransport\",\"https:\\\/\\\/www.linkedin.com\\\/company\\\/graulaw\\\/\"]}]}<\/script>\n<!-- \/ Yoast SEO plugin. -->","yoast_head_json":{"title":"Geschmacksmusterrecht | Grau Rechtsanw\u00e4lte PartGmbB","robots":{"index":"index","follow":"follow","max-snippet":"max-snippet:-1","max-image-preview":"max-image-preview:large","max-video-preview":"max-video-preview:-1"},"canonical":"https:\/\/www.graulaw.eu\/de\/geschmacksmusterrecht\/","og_locale":"de_DE","og_type":"article","og_title":"Geschmacksmusterrecht | Grau Rechtsanw\u00e4lte PartGmbB","og_description":"Start Unsere Expertise Geistiges Eigentum Geschmacksmusterrecht Das\u00a0Geschmacksmuster\u00a0sch\u00fctzt Ihr Design.\u00a0GRAU Rechtsanw\u00e4lte PartGmbB\u00a0vertritt sie bei der Anmeldung von\u00a0nationalen Geschmacksmustern\u00a0(Deutsches Patent- und Markenamt), Gemeinschaftsgeschmacksmustern\u00a0(Harmonisierungsamt f\u00fcr den Binnenmarkt) sowie von internationalen Geschmacksmustern \u00fcber die\u00a0World Intellectual Property Organisation\u00a0und einzelnen internationalen Anmeldungen zusammen mit Korrespondenzkanzleien\u00a0weltweit. Dabei ist\u00a0Recherche nach eingetragenen und nicht eingetragenen Geschmacksmustern\u00a0stets notwendig und von unserem Leistungsangebot umfasst. Grau Rechtsanw\u00e4lte [&hellip;]","og_url":"https:\/\/www.graulaw.eu\/de\/geschmacksmusterrecht\/","og_site_name":"Grau Rechtsanw\u00e4lte PartGmbB","article_publisher":"https:\/\/www.facebook.com\/ecommercegermany","article_modified_time":"2022-09-27T12:42:38+00:00","og_image":[{"url":"http:\/\/grau.stettiner.co\/wp-content\/uploads\/2022\/07\/header-2.png","type":"","width":"","height":""}],"twitter_card":"summary_large_image","twitter_misc":{"Gesch\u00e4tzte Lesezeit":"1\u00a0Minute"},"schema":{"@context":"https:\/\/schema.org","@graph":[{"@type":"WebPage","@id":"https:\/\/www.graulaw.eu\/de\/geschmacksmusterrecht\/","url":"https:\/\/www.graulaw.eu\/de\/geschmacksmusterrecht\/","name":"Geschmacksmusterrecht | Grau Rechtsanw\u00e4lte PartGmbB","isPartOf":{"@id":"https:\/\/www.graulaw.eu\/de\/#website"},"primaryImageOfPage":{"@id":"https:\/\/www.graulaw.eu\/de\/geschmacksmusterrecht\/#primaryimage"},"image":{"@id":"https:\/\/www.graulaw.eu\/de\/geschmacksmusterrecht\/#primaryimage"},"thumbnailUrl":"http:\/\/grau.stettiner.co\/wp-content\/uploads\/2022\/07\/header-2.png","datePublished":"2022-05-12T10:44:41+00:00","dateModified":"2022-09-27T12:42:38+00:00","breadcrumb":{"@id":"https:\/\/www.graulaw.eu\/de\/geschmacksmusterrecht\/#breadcrumb"},"inLanguage":"de","potentialAction":[{"@type":"ReadAction","target":["https:\/\/www.graulaw.eu\/de\/geschmacksmusterrecht\/"]}]},{"@type":"ImageObject","inLanguage":"de","@id":"https:\/\/www.graulaw.eu\/de\/geschmacksmusterrecht\/#primaryimage","url":"http:\/\/grau.stettiner.co\/wp-content\/uploads\/2022\/07\/header-2.png","contentUrl":"http:\/\/grau.stettiner.co\/wp-content\/uploads\/2022\/07\/header-2.png"},{"@type":"BreadcrumbList","@id":"https:\/\/www.graulaw.eu\/de\/geschmacksmusterrecht\/#breadcrumb","itemListElement":[{"@type":"ListItem","position":1,"name":"Home","item":"https:\/\/www.graulaw.eu\/de\/"},{"@type":"ListItem","position":2,"name":"Geschmacksmusterrecht"}]},{"@type":"WebSite","@id":"https:\/\/www.graulaw.eu\/de\/#website","url":"https:\/\/www.graulaw.eu\/de\/","name":"Grau Rechtsanw\u00e4lte PartGmbB","description":"GRAU Rechtsanw\u00e4lte PartGmbB ist eine international ausgerichtete Rechtsanwaltskanzlei mit wirtschaftsrechtlicher Ausrichtung und Sitz in Hamburg.","publisher":{"@id":"https:\/\/www.graulaw.eu\/de\/#organization"},"potentialAction":[{"@type":"SearchAction","target":{"@type":"EntryPoint","urlTemplate":"https:\/\/www.graulaw.eu\/de\/?s={search_term_string}"},"query-input":{"@type":"PropertyValueSpecification","valueRequired":true,"valueName":"search_term_string"}}],"inLanguage":"de"},{"@type":"Organization","@id":"https:\/\/www.graulaw.eu\/de\/#organization","name":"Grau Rechtsanw\u00e4lte PartGmbB","url":"https:\/\/www.graulaw.eu\/de\/","logo":{"@type":"ImageObject","inLanguage":"de","@id":"https:\/\/www.graulaw.eu\/de\/#\/schema\/logo\/image\/","url":"https:\/\/www.graulaw.eu\/wp-content\/uploads\/2022\/04\/logo.svg","contentUrl":"https:\/\/www.graulaw.eu\/wp-content\/uploads\/2022\/04\/logo.svg","width":150,"height":48,"caption":"Grau Rechtsanw\u00e4lte PartGmbB"},"image":{"@id":"https:\/\/www.graulaw.eu\/de\/#\/schema\/logo\/image\/"},"sameAs":["https:\/\/www.facebook.com\/ecommercegermany","https:\/\/www.facebook.com\/graulawtransport","https:\/\/www.linkedin.com\/company\/graulaw\/"]}]}},"_links":{"self":[{"href":"https:\/\/www.graulaw.eu\/de\/wp-json\/wp\/v2\/pages\/698","targetHints":{"allow":["GET"]}}],"collection":[{"href":"https:\/\/www.graulaw.eu\/de\/wp-json\/wp\/v2\/pages"}],"about":[{"href":"https:\/\/www.graulaw.eu\/de\/wp-json\/wp\/v2\/types\/page"}],"author":[{"embeddable":true,"href":"https:\/\/www.graulaw.eu\/de\/wp-json\/wp\/v2\/users\/8"}],"replies":[{"embeddable":true,"href":"https:\/\/www.graulaw.eu\/de\/wp-json\/wp\/v2\/comments?post=698"}],"version-history":[{"count":29,"href":"https:\/\/www.graulaw.eu\/de\/wp-json\/wp\/v2\/pages\/698\/revisions"}],"predecessor-version":[{"id":6569,"href":"https:\/\/www.graulaw.eu\/de\/wp-json\/wp\/v2\/pages\/698\/revisions\/6569"}],"wp:attachment":[{"href":"https:\/\/www.graulaw.eu\/de\/wp-json\/wp\/v2\/media?parent=698"}],"curies":[{"name":"wp","href":"https:\/\/api.w.org\/{rel}","templated":true}]}}