{"id":3610,"date":"2022-06-19T16:18:21","date_gmt":"2022-06-19T16:18:21","guid":{"rendered":"http:\/\/grau.stettiner.co\/impressum\/"},"modified":"2025-06-23T08:29:06","modified_gmt":"2025-06-23T08:29:06","slug":"impressum","status":"publish","type":"page","link":"https:\/\/www.graulaw.eu\/de\/impressum\/","title":{"rendered":"Impressum"},"content":{"rendered":"\t\t<div data-elementor-type=\"wp-page\" data-elementor-id=\"3610\" class=\"elementor elementor-3610 elementor-3600\">\n\t\t\t\t\t\t<section class=\"elementor-section elementor-top-section elementor-element elementor-element-1ed68f4 elementor-section-full_width elementor-section-height-default elementor-section-height-default\" data-id=\"1ed68f4\" data-element_type=\"section\" data-e-type=\"section\">\n\t\t\t\t\t\t<div class=\"elementor-container elementor-column-gap-no\">\n\t\t\t\t\t<div class=\"elementor-column elementor-col-100 elementor-top-column elementor-element elementor-element-864cb07\" data-id=\"864cb07\" data-element_type=\"column\" data-e-type=\"column\">\n\t\t\t<div class=\"elementor-widget-wrap elementor-element-populated\">\n\t\t\t\t\t\t<div class=\"elementor-element elementor-element-1375a91 elementor-widget elementor-widget-image\" data-id=\"1375a91\" data-element_type=\"widget\" data-e-type=\"widget\" data-widget_type=\"image.default\">\n\t\t\t\t<div class=\"elementor-widget-container\">\n\t\t\t\t\t\t\t\t\t\t\t\t\t\t\t<img fetchpriority=\"high\" decoding=\"async\" width=\"1366\" height=\"300\" src=\"https:\/\/www.graulaw.eu\/wp-content\/uploads\/2022\/05\/header_kontakt.png\" class=\"attachment-full size-full wp-image-862\" alt=\"\" srcset=\"https:\/\/www.graulaw.eu\/wp-content\/uploads\/2022\/05\/header_kontakt.png 1366w, https:\/\/www.graulaw.eu\/wp-content\/uploads\/2022\/05\/header_kontakt-300x66.png 300w, https:\/\/www.graulaw.eu\/wp-content\/uploads\/2022\/05\/header_kontakt-1024x225.png 1024w, https:\/\/www.graulaw.eu\/wp-content\/uploads\/2022\/05\/header_kontakt-768x169.png 768w\" sizes=\"(max-width: 1366px) 100vw, 1366px\" \/>\t\t\t\t\t\t\t\t\t\t\t\t\t\t\t<\/div>\n\t\t\t\t<\/div>\n\t\t\t\t\t<\/div>\n\t\t<\/div>\n\t\t\t\t\t<\/div>\n\t\t<\/section>\n\t\t\t\t<section class=\"elementor-section elementor-top-section elementor-element elementor-element-398199b elementor-section-boxed elementor-section-height-default elementor-section-height-default\" data-id=\"398199b\" data-element_type=\"section\" data-e-type=\"section\" data-settings=\"{&quot;background_background&quot;:&quot;classic&quot;}\">\n\t\t\t\t\t\t<div class=\"elementor-container elementor-column-gap-no\">\n\t\t\t\t\t<div class=\"elementor-column elementor-col-100 elementor-top-column elementor-element elementor-element-48017b7\" data-id=\"48017b7\" data-element_type=\"column\" data-e-type=\"column\">\n\t\t\t<div class=\"elementor-widget-wrap elementor-element-populated\">\n\t\t\t\t\t\t<div class=\"elementor-element elementor-element-1dc7d0d elementor-widget elementor-widget-grau-breadcrumbs\" data-id=\"1dc7d0d\" data-element_type=\"widget\" data-e-type=\"widget\" data-widget_type=\"grau-breadcrumbs.default\">\n\t\t\t\t<div class=\"elementor-widget-container\">\n\t\t\t\t\t        <div class=\"grau-breadcrumbs\">\n                            <a href=\"\/pl\/\">Start<\/a>\n                <span class=\"grau-breadcrumbs__arrow\"><\/span>\n                                <a href=\"https:\/\/www.graulaw.eu\/de\/impressum\/\">Impressum<\/a>\n                <span class=\"grau-breadcrumbs__arrow\"><\/span>\n                        <\/div>\n        \t\t\t\t<\/div>\n\t\t\t\t<\/div>\n\t\t\t\t\t<\/div>\n\t\t<\/div>\n\t\t\t\t\t<\/div>\n\t\t<\/section>\n\t\t\t\t<section class=\"elementor-section elementor-top-section elementor-element elementor-element-5943210 elementor-section-boxed elementor-section-height-default elementor-section-height-default\" data-id=\"5943210\" data-element_type=\"section\" data-e-type=\"section\" data-settings=\"{&quot;background_background&quot;:&quot;classic&quot;}\">\n\t\t\t\t\t\t<div class=\"elementor-container elementor-column-gap-default\">\n\t\t\t\t\t<div class=\"elementor-column elementor-col-100 elementor-top-column elementor-element elementor-element-1f74b10\" data-id=\"1f74b10\" data-element_type=\"column\" data-e-type=\"column\">\n\t\t\t<div class=\"elementor-widget-wrap elementor-element-populated\">\n\t\t\t\t\t\t<div class=\"elementor-element elementor-element-2dfda0d elementor-widget elementor-widget-heading\" data-id=\"2dfda0d\" data-element_type=\"widget\" data-e-type=\"widget\" data-widget_type=\"heading.default\">\n\t\t\t\t<div class=\"elementor-widget-container\">\n\t\t\t\t\t<h1 class=\"elementor-heading-title elementor-size-default\">Impressum<\/h1>\t\t\t\t<\/div>\n\t\t\t\t<\/div>\n\t\t\t\t\t<\/div>\n\t\t<\/div>\n\t\t\t\t\t<\/div>\n\t\t<\/section>\n\t\t\t\t<section class=\"elementor-section elementor-top-section elementor-element elementor-element-f01ff40 elementor-section-boxed elementor-section-height-default elementor-section-height-default\" data-id=\"f01ff40\" data-element_type=\"section\" data-e-type=\"section\">\n\t\t\t\t\t\t<div class=\"elementor-container elementor-column-gap-default\">\n\t\t\t\t\t<div class=\"elementor-column elementor-col-100 elementor-top-column elementor-element elementor-element-db8027e\" data-id=\"db8027e\" data-element_type=\"column\" data-e-type=\"column\">\n\t\t\t<div class=\"elementor-widget-wrap elementor-element-populated\">\n\t\t\t\t\t\t<div class=\"elementor-element elementor-element-41eaf9e grau-text-editor elementor-widget elementor-widget-text-editor\" data-id=\"41eaf9e\" data-element_type=\"widget\" data-e-type=\"widget\" data-widget_type=\"text-editor.default\">\n\t\t\t\t<div class=\"elementor-widget-container\">\n\t\t\t\t\t\t\t\t\t<p>Angaben nach \u00a7 6 TDG<br \/>Name: GRAU Rechtsanw\u00e4lte PartGmbB<\/p><p>R\u00f6dingsmarkt 20<br \/>20459 Hamburg<\/p><p>Tel.: +49 (0)40 &#8211; 180 364 020<br \/>Fax: +49 (0)40 &#8211; 180 364 022<\/p><p>Internet: www.graulaw.eu<br \/>Email: office@graulaw.eu<\/p><p>Partner der GRAU Rechtsanw\u00e4lte PartGmbB sind:<\/p><p>\u2022 Adriana Grau LL.M.<br \/>\u2022 Dr. Christian Dorn<\/p><p>Alle bei der GRAU Rechtsanw\u00e4lte PartGmbB t\u00e4tigen Rechtsanw\u00e4lte sind in der Bundesrepublik Deutschland zugelassen und geh\u00f6ren der Rechtsanwaltskammer Hamburg, Bleichenbr\u00fccke 9, 20354 Hamburg an.<\/p><h2>Umsatzsteuer-Identifikationsnummer<\/h2><p>USt-IdNr. DE294323237<\/p><h2>Berufsbezeichnung und zust\u00e4ndige Rechtsanwaltskammer<\/h2><p>Die Rechtsanw\u00e4lte der Kanzlei sind nach dem Recht der Bundesrepublik Deutschland zugelassen und Mitglieder der Hanseatischen Rechtsanwaltskammer Hamburg, Bleichenbr\u00fccke 9, 20354 Hamburg<\/p><p>Tel.: (040) 35 74 41 0<br \/>Fax: (040) 35 74 41 41<br \/><a href=\"http:\/\/www.rak-hamburg.de\" target=\"_blank\" rel=\"noopener\">www.rak-hamburg.de<\/a><\/p><h2>Berufsrechtliche Regelungen<\/h2><p>Es gelten die folgenden berufsrechtlichen Regelungen:<\/p><p>Bundesrechtsanwaltsordnung (BRAO),<br \/>Berufsordnung (BORA),<br \/>Fachanwaltsordnung (FAO),<br \/>Rechtsanwaltsverg\u00fctungsgesetz (RVG),<br \/>Berufsregeln der Rechtsanw\u00e4lte der Europ\u00e4ischen Union (CCBE)<\/p><p>Die berufsrechtlichen Regelungen k\u00f6nnen \u00fcber die Homepage der Bundesrechtsanwaltskammer (<a href=\"http:\/\/www.brak.de\/\" target=\"_blank\" rel=\"noopener\">www.brak.de<\/a>) in der Rubrik \u201eBerufsrecht\u201c auf Deutsch und Englisch eingesehen und abgerufen werden.<\/p><h2>Berufshaftpflichtversicherung<\/h2><p>HDI Versicherung AG<br \/>HDI-Platz 1<br \/>30659 Hannover<\/p><p>R\u00e4umlicher Geltungsbereich:<\/p><p>1.Deutschland<\/p><p>2.Europ\u00e4isches Ausland<br \/>Versichert sind Haftpflichtanspr\u00fcche aus T\u00e4tigkeiten<br \/>(1) im Zusammenhang mit der Beratung und Besch\u00e4ftigung mit europ\u00e4ischem Recht;<br \/>(2) des Rechtsanwalts vor europ\u00e4ischen Gerichten.<\/p><p>3.Weltweit in H\u00f6he der gesetzlich vorgeschriebenen Mindestversicherungssumme f\u00fcr Haftpflichtanspr\u00fcche aus der Inanspruchnahme des Versicherungsnehmers vor au\u00dfereurop\u00e4ischen Gerichten.<\/p><p>4. Der Versicherungsschutz bezieht sich nicht auf Haftpflichtanspr\u00fcche aus T\u00e4tigkeiten \u00fcber im Ausland eingerichtete oder unterhaltene Kanzleien oder B\u00fcros.<\/p><h2>Au\u00dfergerichtliche Streitschlichtung<\/h2><p>Bei Streitigkeiten zwischen Rechtsanw\u00e4lten und ihren Auftraggebern besteht auf Antrag die M\u00f6glichkeit der au\u00dfergerichtlichen Streitschlichtung bei der regionalen Rechtsanwaltskammer Hamburg (gem\u00e4\u00df \u00a7 73 Abs. 2 Nr. 3 i.V.m. \u00a7 73 Abs. 5 BRAO) oder bei der Schlichtungsstelle der Rechtsanwaltschaft bei der Bundesrechtsanwaltskammer (\u00a7 191f BRAO), im Internet zu finden \u00fcber die Homepage der Bundesrechtsanwaltskammer (<a href=\"http:\/\/www.brak.de\/\" target=\"_blank\" rel=\"noopener\">www.brak.de<\/a>), Email:\u00a0<a href=\"mailto:schlichtungsstelle@brak.de\">schlichtungsstelle@brak.de<\/a>.<\/p><p>Die Wahrnehmung widerstreitender Interessen ist Rechtsanw\u00e4lten aufgrund beruflicher Regelungen untersagt (\u00a7 43 a Abs. 4 BRAO). Vor Annahme eines Mandates wird deshalb stets gepr\u00fcft, ob ein Interessenkonflikt vorliegt.<\/p><h2>Urheberrecht<\/h2><p>Das Urheberrecht und die urheberrechtlichen Nutzungs-, Leistungsschutz- und sonstigen Rechte am Inhalt dieses Webseite oder Teilen davon stehen GRAU Rechtsanw\u00e4lte PartGmbB oder demjenigen zu, dem GRAU Rechtsanw\u00e4lte PartGmbB ein entsprechendes Nutzungsrecht einger\u00e4umt hat.<\/p><p>Bildrechte: Adriana Grau, iStockphoto.com<br \/>Konzeption und Gestaltung der Website: Malte Kruse<\/p><h2>Marken<\/h2><p><img decoding=\"async\" src=\"https:\/\/www.graulaw.eu\/global\/images\/logo_impressum.gif\" alt=\"GRAU Rechtsanw\u00e4lte PartGmbB\" width=\"142\" height=\"45\" border=\"0\" \/><br \/>ist eine eingetragene Gemeinschaftsmarke.<\/p><h2>Anwendbares Recht<\/h2><p>Die rechtlichen Hinweise auf dieser Seite sowie alle Fragen und Streitigkeiten im Zusammenhang mit dieser Webseite unterliegen dem Recht der Bundesrepublik Deutschland.<\/p>\t\t\t\t\t\t\t\t<\/div>\n\t\t\t\t<\/div>\n\t\t\t\t\t<\/div>\n\t\t<\/div>\n\t\t\t\t\t<\/div>\n\t\t<\/section>\n\t\t\t\t<section class=\"elementor-section elementor-top-section elementor-element elementor-element-f6197e0 elementor-section-full_width elementor-section-height-default elementor-section-height-default\" data-id=\"f6197e0\" data-element_type=\"section\" data-e-type=\"section\">\n\t\t\t\t\t\t<div class=\"elementor-container elementor-column-gap-no\">\n\t\t\t\t\t<div class=\"elementor-column elementor-col-100 elementor-top-column elementor-element elementor-element-05c2896\" data-id=\"05c2896\" data-element_type=\"column\" data-e-type=\"column\">\n\t\t\t<div class=\"elementor-widget-wrap elementor-element-populated\">\n\t\t\t\t\t\t<div class=\"elementor-element elementor-element-9505c6b elementor-widget-divider--view-line elementor-widget elementor-widget-divider\" data-id=\"9505c6b\" data-element_type=\"widget\" data-e-type=\"widget\" data-widget_type=\"divider.default\">\n\t\t\t\t<div class=\"elementor-widget-container\">\n\t\t\t\t\t\t\t<div class=\"elementor-divider\">\n\t\t\t<span class=\"elementor-divider-separator\">\n\t\t\t\t\t\t<\/span>\n\t\t<\/div>\n\t\t\t\t\t\t<\/div>\n\t\t\t\t<\/div>\n\t\t\t\t\t<\/div>\n\t\t<\/div>\n\t\t\t\t\t<\/div>\n\t\t<\/section>\n\t\t\t\t<\/div>\n\t\t","protected":false},"excerpt":{"rendered":"<p>Start Angaben nach \u00a7 6 TDGName: GRAU Rechtsanw\u00e4lte PartGmbB R\u00f6dingsmarkt 2020459 Hamburg Tel.: +49 (0)40 &#8211; 180 364 020Fax: +49 (0)40 &#8211; 180 364 022 Internet: www.graulaw.euEmail: office@graulaw.eu Partner der GRAU Rechtsanw\u00e4lte PartGmbB sind: \u2022 Adriana Grau LL.M.\u2022 Dr. Christian Dorn Alle bei der GRAU Rechtsanw\u00e4lte PartGmbB t\u00e4tigen Rechtsanw\u00e4lte sind in der Bundesrepublik Deutschland zugelassen [&hellip;]<\/p>\n","protected":false},"author":8,"featured_media":0,"parent":0,"menu_order":0,"comment_status":"closed","ping_status":"closed","template":"elementor_header_footer","meta":{"inline_featured_image":false,"footnotes":""},"class_list":["post-3610","page","type-page","status-publish","hentry"],"yoast_head":"<!-- This site is optimized with the Yoast SEO plugin v27.4 - https:\/\/yoast.com\/product\/yoast-seo-wordpress\/ -->\n<title>Impressum | Grau Rechtsanw\u00e4lte PartGmbB<\/title>\n<meta name=\"robots\" content=\"noindex, follow\" \/>\n<meta property=\"og:locale\" content=\"de_DE\" \/>\n<meta property=\"og:type\" content=\"article\" \/>\n<meta property=\"og:title\" content=\"Impressum | Grau Rechtsanw\u00e4lte PartGmbB\" \/>\n<meta property=\"og:description\" content=\"Start Angaben nach \u00a7 6 TDGName: GRAU Rechtsanw\u00e4lte PartGmbB R\u00f6dingsmarkt 2020459 Hamburg Tel.: +49 (0)40 &#8211; 180 364 020Fax: +49 (0)40 &#8211; 180 364 022 Internet: www.graulaw.euEmail: office@graulaw.eu Partner der GRAU Rechtsanw\u00e4lte PartGmbB sind: \u2022 Adriana Grau LL.M.\u2022 Dr. Christian Dorn Alle bei der GRAU Rechtsanw\u00e4lte PartGmbB t\u00e4tigen Rechtsanw\u00e4lte sind in der Bundesrepublik Deutschland zugelassen [&hellip;]\" \/>\n<meta property=\"og:url\" content=\"https:\/\/www.graulaw.eu\/de\/impressum\/\" \/>\n<meta property=\"og:site_name\" content=\"Grau Rechtsanw\u00e4lte PartGmbB\" \/>\n<meta property=\"article:publisher\" content=\"https:\/\/www.facebook.com\/ecommercegermany\" \/>\n<meta property=\"article:modified_time\" content=\"2025-06-23T08:29:06+00:00\" \/>\n<meta property=\"og:image\" content=\"https:\/\/www.graulaw.eu\/wp-content\/uploads\/2022\/05\/header_kontakt.png\" \/>\n\t<meta property=\"og:image:width\" content=\"1366\" \/>\n\t<meta property=\"og:image:height\" content=\"300\" \/>\n\t<meta property=\"og:image:type\" content=\"image\/png\" \/>\n<meta name=\"twitter:card\" content=\"summary_large_image\" \/>\n<meta name=\"twitter:label1\" content=\"Gesch\u00e4tzte Lesezeit\" \/>\n\t<meta name=\"twitter:data1\" content=\"3\u00a0Minuten\" \/>\n<script type=\"application\/ld+json\" class=\"yoast-schema-graph\">{\"@context\":\"https:\\\/\\\/schema.org\",\"@graph\":[{\"@type\":\"WebPage\",\"@id\":\"https:\\\/\\\/www.graulaw.eu\\\/de\\\/impressum\\\/\",\"url\":\"https:\\\/\\\/www.graulaw.eu\\\/de\\\/impressum\\\/\",\"name\":\"Impressum | Grau Rechtsanw\u00e4lte PartGmbB\",\"isPartOf\":{\"@id\":\"https:\\\/\\\/www.graulaw.eu\\\/de\\\/#website\"},\"primaryImageOfPage\":{\"@id\":\"https:\\\/\\\/www.graulaw.eu\\\/de\\\/impressum\\\/#primaryimage\"},\"image\":{\"@id\":\"https:\\\/\\\/www.graulaw.eu\\\/de\\\/impressum\\\/#primaryimage\"},\"thumbnailUrl\":\"https:\\\/\\\/www.graulaw.eu\\\/wp-content\\\/uploads\\\/2022\\\/05\\\/header_kontakt.png\",\"datePublished\":\"2022-06-19T16:18:21+00:00\",\"dateModified\":\"2025-06-23T08:29:06+00:00\",\"breadcrumb\":{\"@id\":\"https:\\\/\\\/www.graulaw.eu\\\/de\\\/impressum\\\/#breadcrumb\"},\"inLanguage\":\"de\",\"potentialAction\":[{\"@type\":\"ReadAction\",\"target\":[\"https:\\\/\\\/www.graulaw.eu\\\/de\\\/impressum\\\/\"]}]},{\"@type\":\"ImageObject\",\"inLanguage\":\"de\",\"@id\":\"https:\\\/\\\/www.graulaw.eu\\\/de\\\/impressum\\\/#primaryimage\",\"url\":\"https:\\\/\\\/www.graulaw.eu\\\/wp-content\\\/uploads\\\/2022\\\/05\\\/header_kontakt.png\",\"contentUrl\":\"https:\\\/\\\/www.graulaw.eu\\\/wp-content\\\/uploads\\\/2022\\\/05\\\/header_kontakt.png\"},{\"@type\":\"BreadcrumbList\",\"@id\":\"https:\\\/\\\/www.graulaw.eu\\\/de\\\/impressum\\\/#breadcrumb\",\"itemListElement\":[{\"@type\":\"ListItem\",\"position\":1,\"name\":\"Home\",\"item\":\"https:\\\/\\\/www.graulaw.eu\\\/de\\\/\"},{\"@type\":\"ListItem\",\"position\":2,\"name\":\"Impressum\"}]},{\"@type\":\"WebSite\",\"@id\":\"https:\\\/\\\/www.graulaw.eu\\\/de\\\/#website\",\"url\":\"https:\\\/\\\/www.graulaw.eu\\\/de\\\/\",\"name\":\"Grau Rechtsanw\u00e4lte PartGmbB\",\"description\":\"GRAU Rechtsanw\u00e4lte PartGmbB ist eine international ausgerichtete Rechtsanwaltskanzlei mit wirtschaftsrechtlicher Ausrichtung und Sitz in Hamburg.\",\"publisher\":{\"@id\":\"https:\\\/\\\/www.graulaw.eu\\\/de\\\/#organization\"},\"potentialAction\":[{\"@type\":\"SearchAction\",\"target\":{\"@type\":\"EntryPoint\",\"urlTemplate\":\"https:\\\/\\\/www.graulaw.eu\\\/de\\\/?s={search_term_string}\"},\"query-input\":{\"@type\":\"PropertyValueSpecification\",\"valueRequired\":true,\"valueName\":\"search_term_string\"}}],\"inLanguage\":\"de\"},{\"@type\":\"Organization\",\"@id\":\"https:\\\/\\\/www.graulaw.eu\\\/de\\\/#organization\",\"name\":\"Grau Rechtsanw\u00e4lte PartGmbB\",\"url\":\"https:\\\/\\\/www.graulaw.eu\\\/de\\\/\",\"logo\":{\"@type\":\"ImageObject\",\"inLanguage\":\"de\",\"@id\":\"https:\\\/\\\/www.graulaw.eu\\\/de\\\/#\\\/schema\\\/logo\\\/image\\\/\",\"url\":\"https:\\\/\\\/www.graulaw.eu\\\/wp-content\\\/uploads\\\/2022\\\/04\\\/logo.svg\",\"contentUrl\":\"https:\\\/\\\/www.graulaw.eu\\\/wp-content\\\/uploads\\\/2022\\\/04\\\/logo.svg\",\"width\":150,\"height\":48,\"caption\":\"Grau Rechtsanw\u00e4lte PartGmbB\"},\"image\":{\"@id\":\"https:\\\/\\\/www.graulaw.eu\\\/de\\\/#\\\/schema\\\/logo\\\/image\\\/\"},\"sameAs\":[\"https:\\\/\\\/www.facebook.com\\\/ecommercegermany\",\"https:\\\/\\\/www.facebook.com\\\/graulawtransport\",\"https:\\\/\\\/www.linkedin.com\\\/company\\\/graulaw\\\/\"]}]}<\/script>\n<!-- \/ Yoast SEO plugin. -->","yoast_head_json":{"title":"Impressum | Grau Rechtsanw\u00e4lte PartGmbB","robots":{"index":"noindex","follow":"follow"},"og_locale":"de_DE","og_type":"article","og_title":"Impressum | Grau Rechtsanw\u00e4lte PartGmbB","og_description":"Start Angaben nach \u00a7 6 TDGName: GRAU Rechtsanw\u00e4lte PartGmbB R\u00f6dingsmarkt 2020459 Hamburg Tel.: +49 (0)40 &#8211; 180 364 020Fax: +49 (0)40 &#8211; 180 364 022 Internet: www.graulaw.euEmail: office@graulaw.eu Partner der GRAU Rechtsanw\u00e4lte PartGmbB sind: \u2022 Adriana Grau LL.M.\u2022 Dr. Christian Dorn Alle bei der GRAU Rechtsanw\u00e4lte PartGmbB t\u00e4tigen Rechtsanw\u00e4lte sind in der Bundesrepublik Deutschland zugelassen [&hellip;]","og_url":"https:\/\/www.graulaw.eu\/de\/impressum\/","og_site_name":"Grau Rechtsanw\u00e4lte PartGmbB","article_publisher":"https:\/\/www.facebook.com\/ecommercegermany","article_modified_time":"2025-06-23T08:29:06+00:00","og_image":[{"width":1366,"height":300,"url":"https:\/\/www.graulaw.eu\/wp-content\/uploads\/2022\/05\/header_kontakt.png","type":"image\/png"}],"twitter_card":"summary_large_image","twitter_misc":{"Gesch\u00e4tzte Lesezeit":"3\u00a0Minuten"},"schema":{"@context":"https:\/\/schema.org","@graph":[{"@type":"WebPage","@id":"https:\/\/www.graulaw.eu\/de\/impressum\/","url":"https:\/\/www.graulaw.eu\/de\/impressum\/","name":"Impressum | Grau Rechtsanw\u00e4lte PartGmbB","isPartOf":{"@id":"https:\/\/www.graulaw.eu\/de\/#website"},"primaryImageOfPage":{"@id":"https:\/\/www.graulaw.eu\/de\/impressum\/#primaryimage"},"image":{"@id":"https:\/\/www.graulaw.eu\/de\/impressum\/#primaryimage"},"thumbnailUrl":"https:\/\/www.graulaw.eu\/wp-content\/uploads\/2022\/05\/header_kontakt.png","datePublished":"2022-06-19T16:18:21+00:00","dateModified":"2025-06-23T08:29:06+00:00","breadcrumb":{"@id":"https:\/\/www.graulaw.eu\/de\/impressum\/#breadcrumb"},"inLanguage":"de","potentialAction":[{"@type":"ReadAction","target":["https:\/\/www.graulaw.eu\/de\/impressum\/"]}]},{"@type":"ImageObject","inLanguage":"de","@id":"https:\/\/www.graulaw.eu\/de\/impressum\/#primaryimage","url":"https:\/\/www.graulaw.eu\/wp-content\/uploads\/2022\/05\/header_kontakt.png","contentUrl":"https:\/\/www.graulaw.eu\/wp-content\/uploads\/2022\/05\/header_kontakt.png"},{"@type":"BreadcrumbList","@id":"https:\/\/www.graulaw.eu\/de\/impressum\/#breadcrumb","itemListElement":[{"@type":"ListItem","position":1,"name":"Home","item":"https:\/\/www.graulaw.eu\/de\/"},{"@type":"ListItem","position":2,"name":"Impressum"}]},{"@type":"WebSite","@id":"https:\/\/www.graulaw.eu\/de\/#website","url":"https:\/\/www.graulaw.eu\/de\/","name":"Grau Rechtsanw\u00e4lte PartGmbB","description":"GRAU Rechtsanw\u00e4lte PartGmbB ist eine international ausgerichtete Rechtsanwaltskanzlei mit wirtschaftsrechtlicher Ausrichtung und Sitz in Hamburg.","publisher":{"@id":"https:\/\/www.graulaw.eu\/de\/#organization"},"potentialAction":[{"@type":"SearchAction","target":{"@type":"EntryPoint","urlTemplate":"https:\/\/www.graulaw.eu\/de\/?s={search_term_string}"},"query-input":{"@type":"PropertyValueSpecification","valueRequired":true,"valueName":"search_term_string"}}],"inLanguage":"de"},{"@type":"Organization","@id":"https:\/\/www.graulaw.eu\/de\/#organization","name":"Grau Rechtsanw\u00e4lte PartGmbB","url":"https:\/\/www.graulaw.eu\/de\/","logo":{"@type":"ImageObject","inLanguage":"de","@id":"https:\/\/www.graulaw.eu\/de\/#\/schema\/logo\/image\/","url":"https:\/\/www.graulaw.eu\/wp-content\/uploads\/2022\/04\/logo.svg","contentUrl":"https:\/\/www.graulaw.eu\/wp-content\/uploads\/2022\/04\/logo.svg","width":150,"height":48,"caption":"Grau Rechtsanw\u00e4lte PartGmbB"},"image":{"@id":"https:\/\/www.graulaw.eu\/de\/#\/schema\/logo\/image\/"},"sameAs":["https:\/\/www.facebook.com\/ecommercegermany","https:\/\/www.facebook.com\/graulawtransport","https:\/\/www.linkedin.com\/company\/graulaw\/"]}]}},"_links":{"self":[{"href":"https:\/\/www.graulaw.eu\/de\/wp-json\/wp\/v2\/pages\/3610","targetHints":{"allow":["GET"]}}],"collection":[{"href":"https:\/\/www.graulaw.eu\/de\/wp-json\/wp\/v2\/pages"}],"about":[{"href":"https:\/\/www.graulaw.eu\/de\/wp-json\/wp\/v2\/types\/page"}],"author":[{"embeddable":true,"href":"https:\/\/www.graulaw.eu\/de\/wp-json\/wp\/v2\/users\/8"}],"replies":[{"embeddable":true,"href":"https:\/\/www.graulaw.eu\/de\/wp-json\/wp\/v2\/comments?post=3610"}],"version-history":[{"count":15,"href":"https:\/\/www.graulaw.eu\/de\/wp-json\/wp\/v2\/pages\/3610\/revisions"}],"predecessor-version":[{"id":11754,"href":"https:\/\/www.graulaw.eu\/de\/wp-json\/wp\/v2\/pages\/3610\/revisions\/11754"}],"wp:attachment":[{"href":"https:\/\/www.graulaw.eu\/de\/wp-json\/wp\/v2\/media?parent=3610"}],"curies":[{"name":"wp","href":"https:\/\/api.w.org\/{rel}","templated":true}]}}