{"id":2729,"date":"2022-06-12T23:22:57","date_gmt":"2022-06-12T23:22:57","guid":{"rendered":"http:\/\/grau.stettiner.co\/prawo-handlowe\/"},"modified":"2022-09-27T12:47:37","modified_gmt":"2022-09-27T12:47:37","slug":"handelsrecht","status":"publish","type":"page","link":"https:\/\/www.graulaw.eu\/de\/handelsrecht\/","title":{"rendered":"Handelsrecht"},"content":{"rendered":"\t\t<div data-elementor-type=\"wp-page\" data-elementor-id=\"2729\" class=\"elementor elementor-2729 elementor-2584\">\n\t\t\t\t\t\t<section class=\"elementor-section elementor-top-section elementor-element elementor-element-570e252 elementor-section-boxed elementor-section-height-default elementor-section-height-default\" data-id=\"570e252\" data-element_type=\"section\" data-e-type=\"section\" data-settings=\"{&quot;background_background&quot;:&quot;slideshow&quot;,&quot;background_slideshow_gallery&quot;:[{&quot;id&quot;:5124,&quot;url&quot;:&quot;https:\\\/\\\/www.graulaw.eu\\\/wp-content\\\/uploads\\\/2022\\\/07\\\/grau_header-bg_expertise_1920x300-min.jpg&quot;}],&quot;background_slideshow_slide_duration&quot;:5000,&quot;background_slideshow_slide_transition&quot;:&quot;fade&quot;,&quot;background_slideshow_transition_duration&quot;:500}\">\n\t\t\t\t\t\t<div class=\"elementor-container elementor-column-gap-no\">\n\t\t\t\t\t<div class=\"elementor-column elementor-col-100 elementor-top-column elementor-element elementor-element-469625f\" data-id=\"469625f\" data-element_type=\"column\" data-e-type=\"column\">\n\t\t\t<div class=\"elementor-widget-wrap elementor-element-populated\">\n\t\t\t\t\t\t<div class=\"elementor-element elementor-element-73e3f6c elementor-widget elementor-widget-image\" data-id=\"73e3f6c\" data-element_type=\"widget\" data-e-type=\"widget\" data-widget_type=\"image.default\">\n\t\t\t\t<div class=\"elementor-widget-container\">\n\t\t\t\t\t\t\t\t\t\t\t\t\t\t\t<img fetchpriority=\"high\" decoding=\"async\" width=\"1366\" height=\"300\" src=\"https:\/\/www.graulaw.eu\/wp-content\/uploads\/2022\/07\/wirtschaftsrecht.png\" class=\"attachment-full size-full wp-image-5268\" alt=\"\" srcset=\"https:\/\/www.graulaw.eu\/wp-content\/uploads\/2022\/07\/wirtschaftsrecht.png 1366w, https:\/\/www.graulaw.eu\/wp-content\/uploads\/2022\/07\/wirtschaftsrecht-300x66.png 300w, https:\/\/www.graulaw.eu\/wp-content\/uploads\/2022\/07\/wirtschaftsrecht-1024x225.png 1024w, https:\/\/www.graulaw.eu\/wp-content\/uploads\/2022\/07\/wirtschaftsrecht-768x169.png 768w\" sizes=\"(max-width: 1366px) 100vw, 1366px\" \/>\t\t\t\t\t\t\t\t\t\t\t\t\t\t\t<\/div>\n\t\t\t\t<\/div>\n\t\t\t\t\t<\/div>\n\t\t<\/div>\n\t\t\t\t\t<\/div>\n\t\t<\/section>\n\t\t\t\t<section class=\"elementor-section elementor-top-section elementor-element elementor-element-70df10f elementor-section-boxed elementor-section-height-default elementor-section-height-default\" data-id=\"70df10f\" data-element_type=\"section\" data-e-type=\"section\" data-settings=\"{&quot;background_background&quot;:&quot;classic&quot;}\">\n\t\t\t\t\t\t<div class=\"elementor-container elementor-column-gap-no\">\n\t\t\t\t\t<div class=\"elementor-column elementor-col-100 elementor-top-column elementor-element elementor-element-d906a86\" data-id=\"d906a86\" data-element_type=\"column\" data-e-type=\"column\">\n\t\t\t<div class=\"elementor-widget-wrap elementor-element-populated\">\n\t\t\t\t\t\t<div class=\"elementor-element elementor-element-4cf4f9c elementor-widget elementor-widget-grau-breadcrumbs\" data-id=\"4cf4f9c\" data-element_type=\"widget\" data-e-type=\"widget\" data-widget_type=\"grau-breadcrumbs.default\">\n\t\t\t\t<div class=\"elementor-widget-container\">\n\t\t\t\t\t        <div class=\"grau-breadcrumbs\">\n                            <a href=\"\/de\/\">Start<\/a>\n                <span class=\"grau-breadcrumbs__arrow\"><\/span>\n                                <a href=\"\/de\/unsere-expertise\/\">Unsere Expertise<\/a>\n                <span class=\"grau-breadcrumbs__arrow\"><\/span>\n                                <a href=\"\/de\/wirtschaftsrecht\/\">Wirtschaftsrecht<\/a>\n                <span class=\"grau-breadcrumbs__arrow\"><\/span>\n                                <a href=\"https:\/\/www.graulaw.eu\/de\/handelsrecht\/\">Handelsrecht<\/a>\n                <span class=\"grau-breadcrumbs__arrow\"><\/span>\n                        <\/div>\n        \t\t\t\t<\/div>\n\t\t\t\t<\/div>\n\t\t\t\t\t<\/div>\n\t\t<\/div>\n\t\t\t\t\t<\/div>\n\t\t<\/section>\n\t\t\t\t<section class=\"elementor-section elementor-top-section elementor-element elementor-element-8fef0ed elementor-section-boxed elementor-section-height-default elementor-section-height-default\" data-id=\"8fef0ed\" data-element_type=\"section\" data-e-type=\"section\">\n\t\t\t\t\t\t<div class=\"elementor-container elementor-column-gap-default\">\n\t\t\t\t\t<div class=\"elementor-column elementor-col-100 elementor-top-column elementor-element elementor-element-174f08c\" data-id=\"174f08c\" data-element_type=\"column\" data-e-type=\"column\">\n\t\t\t<div class=\"elementor-widget-wrap elementor-element-populated\">\n\t\t\t\t\t\t<div class=\"elementor-element elementor-element-ea1a44e elementor-widget elementor-widget-heading\" data-id=\"ea1a44e\" data-element_type=\"widget\" data-e-type=\"widget\" data-widget_type=\"heading.default\">\n\t\t\t\t<div class=\"elementor-widget-container\">\n\t\t\t\t\t<h1 class=\"elementor-heading-title elementor-size-default\">Handelsrecht<\/h1>\t\t\t\t<\/div>\n\t\t\t\t<\/div>\n\t\t\t\t\t<\/div>\n\t\t<\/div>\n\t\t\t\t\t<\/div>\n\t\t<\/section>\n\t\t\t\t<section class=\"elementor-section elementor-top-section elementor-element elementor-element-bd89792 elementor-section-boxed elementor-section-height-default elementor-section-height-default\" data-id=\"bd89792\" data-element_type=\"section\" data-e-type=\"section\">\n\t\t\t\t\t\t<div class=\"elementor-container elementor-column-gap-default\">\n\t\t\t\t\t<div class=\"elementor-column elementor-col-100 elementor-top-column elementor-element elementor-element-e5292af\" data-id=\"e5292af\" data-element_type=\"column\" data-e-type=\"column\">\n\t\t\t<div class=\"elementor-widget-wrap elementor-element-populated\">\n\t\t\t\t\t\t<div class=\"elementor-element elementor-element-7f5ea84 elementor-widget elementor-widget-text-editor\" data-id=\"7f5ea84\" data-element_type=\"widget\" data-e-type=\"widget\" data-widget_type=\"text-editor.default\">\n\t\t\t\t<div class=\"elementor-widget-container\">\n\t\t\t\t\t\t\t\t\t<p>Wir unterst\u00fctzen Ihr Unternehmen in allen Fragen des\u00a0<strong>Handels- und Vertragsrechts<\/strong>. Wir entwerfen f\u00fcr Ihr Unternehmen\u00a0<strong>Warenlieferungsvertr\u00e4ge<\/strong>\u00a0und\u00a0<strong>allgemeine Gesch\u00e4ftsbedingungen<\/strong>. Besonderes Augenmerk legen wir dabei f\u00fcr Sie auf die Regelungen zur\u00a0<strong>Gew\u00e4hrleistung, Garantie und Haftung<\/strong>\u00a0und darauf wie diese ggf. in einer\u00a0<strong>Lieferkette\u00a0<\/strong>zu ber\u00fccksichtigen sind.<br \/><br \/>Auch beim Thema\u00a0<strong>Produkthaftung<\/strong>\u00a0stehen wir Ihnen beratend zur Seite. Zur Produkthaftung kommt es, wenn die hergestellte Ware andere Rechtsg\u00fcter (Leben, K\u00f6rper, Gesundheit, privates Eigentum) sch\u00e4digt. Dabei trifft die Produkthaftung sowohl den Hersteller als auch den Importeur.<br \/><br \/>Soweit Sie\u00a0<strong>Waren exportieren oder importieren<\/strong>\u00a0kommt zwischen den Parteien in der Regel das<strong>\u00a0UN-Kaufrecht\u00a0<\/strong>zur Anwendung. Das UN-Kaufrecht (United Nations Convention on Contracts for the International Sale of Goods), auch Wiener Kaufrecht genannt, ist ma\u00dfgeblich f\u00fcr den internationalen Warenkauf. Wir entwerfen f\u00fcr Sie\u00a0<strong>Vertr\u00e4ge im internationalen Warenkauf<\/strong>\u00a0und erl\u00e4utern Ihnen Vor- und Nachteile, die durch die Anwendung des UN-Kaufrecht im Vergleich zur Anwendung des jeweils nationalen Rechts entstehen. Wir entwerfen f\u00fcr Sie auch\u00a0<strong>allgemeine Gesch\u00e4ftsbedingungen (AGB), die auf dem UN-Kaufrecht basieren.<\/strong><\/p>\t\t\t\t\t\t\t\t<\/div>\n\t\t\t\t<\/div>\n\t\t\t\t\t<\/div>\n\t\t<\/div>\n\t\t\t\t\t<\/div>\n\t\t<\/section>\n\t\t\t\t<section class=\"elementor-section elementor-top-section elementor-element elementor-element-d1f2fdb elementor-section-boxed elementor-section-height-default elementor-section-height-default\" data-id=\"d1f2fdb\" data-element_type=\"section\" data-e-type=\"section\" data-settings=\"{&quot;background_background&quot;:&quot;slideshow&quot;,&quot;background_slideshow_gallery&quot;:[{&quot;id&quot;:136,&quot;url&quot;:&quot;https:\\\/\\\/www.graulaw.eu\\\/wp-content\\\/uploads\\\/2022\\\/04\\\/contact_bg.jpg&quot;}],&quot;background_slideshow_slide_duration&quot;:5000,&quot;background_slideshow_slide_transition&quot;:&quot;fade&quot;,&quot;background_slideshow_transition_duration&quot;:500}\">\n\t\t\t\t\t\t<div class=\"elementor-container elementor-column-gap-default\">\n\t\t\t\t\t<div class=\"elementor-column elementor-col-100 elementor-top-column elementor-element elementor-element-338e49b\" data-id=\"338e49b\" data-element_type=\"column\" data-e-type=\"column\">\n\t\t\t<div class=\"elementor-widget-wrap elementor-element-populated\">\n\t\t\t\t\t\t<div class=\"elementor-element elementor-element-64221f0 elementor-widget elementor-widget-text-editor\" data-id=\"64221f0\" data-element_type=\"widget\" data-e-type=\"widget\" data-widget_type=\"text-editor.default\">\n\t\t\t\t<div class=\"elementor-widget-container\">\n\t\t\t\t\t\t\t\t\tSIE HABEN FRAGEN ODER BEN\u00d6TIGEN UNSEREN RAT?\t\t\t\t\t\t\t\t<\/div>\n\t\t\t\t<\/div>\n\t\t\t\t<div class=\"elementor-element elementor-element-14807e8 elementor-widget elementor-widget-text-editor\" data-id=\"14807e8\" data-element_type=\"widget\" data-e-type=\"widget\" data-widget_type=\"text-editor.default\">\n\t\t\t\t<div class=\"elementor-widget-container\">\n\t\t\t\t\t\t\t\t\t<p>Sprechen Sie uns an &#8211; wir helfen Ihnen weiter.<\/p>\t\t\t\t\t\t\t\t<\/div>\n\t\t\t\t<\/div>\n\t\t\t\t<div class=\"elementor-element elementor-element-488bf87 elementor-widget elementor-widget-button\" data-id=\"488bf87\" data-element_type=\"widget\" data-e-type=\"widget\" data-widget_type=\"button.default\">\n\t\t\t\t<div class=\"elementor-widget-container\">\n\t\t\t\t\t\t\t\t\t<div class=\"elementor-button-wrapper\">\n\t\t\t\t\t<a class=\"elementor-button elementor-button-link elementor-size-sm\" href=\"\/de\/kontakt\/\">\n\t\t\t\t\t\t<span class=\"elementor-button-content-wrapper\">\n\t\t\t\t\t\t\t\t\t<span class=\"elementor-button-text\">Zum Kontakt<\/span>\n\t\t\t\t\t<\/span>\n\t\t\t\t\t<\/a>\n\t\t\t\t<\/div>\n\t\t\t\t\t\t\t\t<\/div>\n\t\t\t\t<\/div>\n\t\t\t\t\t<\/div>\n\t\t<\/div>\n\t\t\t\t\t<\/div>\n\t\t<\/section>\n\t\t\t\t<\/div>\n\t\t","protected":false},"excerpt":{"rendered":"<p>Start Unsere Expertise Wirtschaftsrecht Handelsrecht Wir unterst\u00fctzen Ihr Unternehmen in allen Fragen des\u00a0Handels- und Vertragsrechts. Wir entwerfen f\u00fcr Ihr Unternehmen\u00a0Warenlieferungsvertr\u00e4ge\u00a0und\u00a0allgemeine Gesch\u00e4ftsbedingungen. Besonderes Augenmerk legen wir dabei f\u00fcr Sie auf die Regelungen zur\u00a0Gew\u00e4hrleistung, Garantie und Haftung\u00a0und darauf wie diese ggf. in einer\u00a0Lieferkette\u00a0zu ber\u00fccksichtigen sind. Auch beim Thema\u00a0Produkthaftung\u00a0stehen wir Ihnen beratend zur Seite. Zur Produkthaftung kommt es, [&hellip;]<\/p>\n","protected":false},"author":8,"featured_media":0,"parent":0,"menu_order":0,"comment_status":"closed","ping_status":"closed","template":"elementor_header_footer","meta":{"inline_featured_image":false,"footnotes":""},"class_list":["post-2729","page","type-page","status-publish","hentry"],"yoast_head":"<!-- This site is optimized with the Yoast SEO plugin v27.4 - https:\/\/yoast.com\/product\/yoast-seo-wordpress\/ -->\n<title>Handelsrecht | Grau Rechtsanw\u00e4lte PartGmbB<\/title>\n<meta name=\"robots\" content=\"index, follow, max-snippet:-1, max-image-preview:large, max-video-preview:-1\" \/>\n<link rel=\"canonical\" href=\"https:\/\/www.graulaw.eu\/de\/handelsrecht\/\" \/>\n<meta property=\"og:locale\" content=\"de_DE\" \/>\n<meta property=\"og:type\" content=\"article\" \/>\n<meta property=\"og:title\" content=\"Handelsrecht | Grau Rechtsanw\u00e4lte PartGmbB\" \/>\n<meta property=\"og:description\" content=\"Start Unsere Expertise Wirtschaftsrecht Handelsrecht Wir unterst\u00fctzen Ihr Unternehmen in allen Fragen des\u00a0Handels- und Vertragsrechts. Wir entwerfen f\u00fcr Ihr Unternehmen\u00a0Warenlieferungsvertr\u00e4ge\u00a0und\u00a0allgemeine Gesch\u00e4ftsbedingungen. Besonderes Augenmerk legen wir dabei f\u00fcr Sie auf die Regelungen zur\u00a0Gew\u00e4hrleistung, Garantie und Haftung\u00a0und darauf wie diese ggf. in einer\u00a0Lieferkette\u00a0zu ber\u00fccksichtigen sind. Auch beim Thema\u00a0Produkthaftung\u00a0stehen wir Ihnen beratend zur Seite. Zur Produkthaftung kommt es, [&hellip;]\" \/>\n<meta property=\"og:url\" content=\"https:\/\/www.graulaw.eu\/de\/handelsrecht\/\" \/>\n<meta property=\"og:site_name\" content=\"Grau Rechtsanw\u00e4lte PartGmbB\" \/>\n<meta property=\"article:publisher\" content=\"https:\/\/www.facebook.com\/ecommercegermany\" \/>\n<meta property=\"article:modified_time\" content=\"2022-09-27T12:47:37+00:00\" \/>\n<meta property=\"og:image\" content=\"http:\/\/grau.stettiner.co\/wp-content\/uploads\/2022\/07\/wirtschaftsrecht.png\" \/>\n<meta name=\"twitter:card\" content=\"summary_large_image\" \/>\n<meta name=\"twitter:label1\" content=\"Gesch\u00e4tzte Lesezeit\" \/>\n\t<meta name=\"twitter:data1\" content=\"1\u00a0Minute\" \/>\n<script type=\"application\/ld+json\" class=\"yoast-schema-graph\">{\"@context\":\"https:\\\/\\\/schema.org\",\"@graph\":[{\"@type\":\"WebPage\",\"@id\":\"https:\\\/\\\/www.graulaw.eu\\\/de\\\/handelsrecht\\\/\",\"url\":\"https:\\\/\\\/www.graulaw.eu\\\/de\\\/handelsrecht\\\/\",\"name\":\"Handelsrecht | Grau Rechtsanw\u00e4lte PartGmbB\",\"isPartOf\":{\"@id\":\"https:\\\/\\\/www.graulaw.eu\\\/de\\\/#website\"},\"primaryImageOfPage\":{\"@id\":\"https:\\\/\\\/www.graulaw.eu\\\/de\\\/handelsrecht\\\/#primaryimage\"},\"image\":{\"@id\":\"https:\\\/\\\/www.graulaw.eu\\\/de\\\/handelsrecht\\\/#primaryimage\"},\"thumbnailUrl\":\"http:\\\/\\\/grau.stettiner.co\\\/wp-content\\\/uploads\\\/2022\\\/07\\\/wirtschaftsrecht.png\",\"datePublished\":\"2022-06-12T23:22:57+00:00\",\"dateModified\":\"2022-09-27T12:47:37+00:00\",\"breadcrumb\":{\"@id\":\"https:\\\/\\\/www.graulaw.eu\\\/de\\\/handelsrecht\\\/#breadcrumb\"},\"inLanguage\":\"de\",\"potentialAction\":[{\"@type\":\"ReadAction\",\"target\":[\"https:\\\/\\\/www.graulaw.eu\\\/de\\\/handelsrecht\\\/\"]}]},{\"@type\":\"ImageObject\",\"inLanguage\":\"de\",\"@id\":\"https:\\\/\\\/www.graulaw.eu\\\/de\\\/handelsrecht\\\/#primaryimage\",\"url\":\"http:\\\/\\\/grau.stettiner.co\\\/wp-content\\\/uploads\\\/2022\\\/07\\\/wirtschaftsrecht.png\",\"contentUrl\":\"http:\\\/\\\/grau.stettiner.co\\\/wp-content\\\/uploads\\\/2022\\\/07\\\/wirtschaftsrecht.png\"},{\"@type\":\"BreadcrumbList\",\"@id\":\"https:\\\/\\\/www.graulaw.eu\\\/de\\\/handelsrecht\\\/#breadcrumb\",\"itemListElement\":[{\"@type\":\"ListItem\",\"position\":1,\"name\":\"Home\",\"item\":\"https:\\\/\\\/www.graulaw.eu\\\/de\\\/\"},{\"@type\":\"ListItem\",\"position\":2,\"name\":\"Handelsrecht\"}]},{\"@type\":\"WebSite\",\"@id\":\"https:\\\/\\\/www.graulaw.eu\\\/de\\\/#website\",\"url\":\"https:\\\/\\\/www.graulaw.eu\\\/de\\\/\",\"name\":\"Grau Rechtsanw\u00e4lte PartGmbB\",\"description\":\"GRAU Rechtsanw\u00e4lte PartGmbB ist eine international ausgerichtete Rechtsanwaltskanzlei mit wirtschaftsrechtlicher Ausrichtung und Sitz in Hamburg.\",\"publisher\":{\"@id\":\"https:\\\/\\\/www.graulaw.eu\\\/de\\\/#organization\"},\"potentialAction\":[{\"@type\":\"SearchAction\",\"target\":{\"@type\":\"EntryPoint\",\"urlTemplate\":\"https:\\\/\\\/www.graulaw.eu\\\/de\\\/?s={search_term_string}\"},\"query-input\":{\"@type\":\"PropertyValueSpecification\",\"valueRequired\":true,\"valueName\":\"search_term_string\"}}],\"inLanguage\":\"de\"},{\"@type\":\"Organization\",\"@id\":\"https:\\\/\\\/www.graulaw.eu\\\/de\\\/#organization\",\"name\":\"Grau Rechtsanw\u00e4lte PartGmbB\",\"url\":\"https:\\\/\\\/www.graulaw.eu\\\/de\\\/\",\"logo\":{\"@type\":\"ImageObject\",\"inLanguage\":\"de\",\"@id\":\"https:\\\/\\\/www.graulaw.eu\\\/de\\\/#\\\/schema\\\/logo\\\/image\\\/\",\"url\":\"https:\\\/\\\/www.graulaw.eu\\\/wp-content\\\/uploads\\\/2022\\\/04\\\/logo.svg\",\"contentUrl\":\"https:\\\/\\\/www.graulaw.eu\\\/wp-content\\\/uploads\\\/2022\\\/04\\\/logo.svg\",\"width\":150,\"height\":48,\"caption\":\"Grau Rechtsanw\u00e4lte PartGmbB\"},\"image\":{\"@id\":\"https:\\\/\\\/www.graulaw.eu\\\/de\\\/#\\\/schema\\\/logo\\\/image\\\/\"},\"sameAs\":[\"https:\\\/\\\/www.facebook.com\\\/ecommercegermany\",\"https:\\\/\\\/www.facebook.com\\\/graulawtransport\",\"https:\\\/\\\/www.linkedin.com\\\/company\\\/graulaw\\\/\"]}]}<\/script>\n<!-- \/ Yoast SEO plugin. -->","yoast_head_json":{"title":"Handelsrecht | Grau Rechtsanw\u00e4lte PartGmbB","robots":{"index":"index","follow":"follow","max-snippet":"max-snippet:-1","max-image-preview":"max-image-preview:large","max-video-preview":"max-video-preview:-1"},"canonical":"https:\/\/www.graulaw.eu\/de\/handelsrecht\/","og_locale":"de_DE","og_type":"article","og_title":"Handelsrecht | Grau Rechtsanw\u00e4lte PartGmbB","og_description":"Start Unsere Expertise Wirtschaftsrecht Handelsrecht Wir unterst\u00fctzen Ihr Unternehmen in allen Fragen des\u00a0Handels- und Vertragsrechts. Wir entwerfen f\u00fcr Ihr Unternehmen\u00a0Warenlieferungsvertr\u00e4ge\u00a0und\u00a0allgemeine Gesch\u00e4ftsbedingungen. Besonderes Augenmerk legen wir dabei f\u00fcr Sie auf die Regelungen zur\u00a0Gew\u00e4hrleistung, Garantie und Haftung\u00a0und darauf wie diese ggf. in einer\u00a0Lieferkette\u00a0zu ber\u00fccksichtigen sind. Auch beim Thema\u00a0Produkthaftung\u00a0stehen wir Ihnen beratend zur Seite. Zur Produkthaftung kommt es, [&hellip;]","og_url":"https:\/\/www.graulaw.eu\/de\/handelsrecht\/","og_site_name":"Grau Rechtsanw\u00e4lte PartGmbB","article_publisher":"https:\/\/www.facebook.com\/ecommercegermany","article_modified_time":"2022-09-27T12:47:37+00:00","og_image":[{"url":"http:\/\/grau.stettiner.co\/wp-content\/uploads\/2022\/07\/wirtschaftsrecht.png","type":"","width":"","height":""}],"twitter_card":"summary_large_image","twitter_misc":{"Gesch\u00e4tzte Lesezeit":"1\u00a0Minute"},"schema":{"@context":"https:\/\/schema.org","@graph":[{"@type":"WebPage","@id":"https:\/\/www.graulaw.eu\/de\/handelsrecht\/","url":"https:\/\/www.graulaw.eu\/de\/handelsrecht\/","name":"Handelsrecht | Grau Rechtsanw\u00e4lte PartGmbB","isPartOf":{"@id":"https:\/\/www.graulaw.eu\/de\/#website"},"primaryImageOfPage":{"@id":"https:\/\/www.graulaw.eu\/de\/handelsrecht\/#primaryimage"},"image":{"@id":"https:\/\/www.graulaw.eu\/de\/handelsrecht\/#primaryimage"},"thumbnailUrl":"http:\/\/grau.stettiner.co\/wp-content\/uploads\/2022\/07\/wirtschaftsrecht.png","datePublished":"2022-06-12T23:22:57+00:00","dateModified":"2022-09-27T12:47:37+00:00","breadcrumb":{"@id":"https:\/\/www.graulaw.eu\/de\/handelsrecht\/#breadcrumb"},"inLanguage":"de","potentialAction":[{"@type":"ReadAction","target":["https:\/\/www.graulaw.eu\/de\/handelsrecht\/"]}]},{"@type":"ImageObject","inLanguage":"de","@id":"https:\/\/www.graulaw.eu\/de\/handelsrecht\/#primaryimage","url":"http:\/\/grau.stettiner.co\/wp-content\/uploads\/2022\/07\/wirtschaftsrecht.png","contentUrl":"http:\/\/grau.stettiner.co\/wp-content\/uploads\/2022\/07\/wirtschaftsrecht.png"},{"@type":"BreadcrumbList","@id":"https:\/\/www.graulaw.eu\/de\/handelsrecht\/#breadcrumb","itemListElement":[{"@type":"ListItem","position":1,"name":"Home","item":"https:\/\/www.graulaw.eu\/de\/"},{"@type":"ListItem","position":2,"name":"Handelsrecht"}]},{"@type":"WebSite","@id":"https:\/\/www.graulaw.eu\/de\/#website","url":"https:\/\/www.graulaw.eu\/de\/","name":"Grau Rechtsanw\u00e4lte PartGmbB","description":"GRAU Rechtsanw\u00e4lte PartGmbB ist eine international ausgerichtete Rechtsanwaltskanzlei mit wirtschaftsrechtlicher Ausrichtung und Sitz in Hamburg.","publisher":{"@id":"https:\/\/www.graulaw.eu\/de\/#organization"},"potentialAction":[{"@type":"SearchAction","target":{"@type":"EntryPoint","urlTemplate":"https:\/\/www.graulaw.eu\/de\/?s={search_term_string}"},"query-input":{"@type":"PropertyValueSpecification","valueRequired":true,"valueName":"search_term_string"}}],"inLanguage":"de"},{"@type":"Organization","@id":"https:\/\/www.graulaw.eu\/de\/#organization","name":"Grau Rechtsanw\u00e4lte PartGmbB","url":"https:\/\/www.graulaw.eu\/de\/","logo":{"@type":"ImageObject","inLanguage":"de","@id":"https:\/\/www.graulaw.eu\/de\/#\/schema\/logo\/image\/","url":"https:\/\/www.graulaw.eu\/wp-content\/uploads\/2022\/04\/logo.svg","contentUrl":"https:\/\/www.graulaw.eu\/wp-content\/uploads\/2022\/04\/logo.svg","width":150,"height":48,"caption":"Grau Rechtsanw\u00e4lte PartGmbB"},"image":{"@id":"https:\/\/www.graulaw.eu\/de\/#\/schema\/logo\/image\/"},"sameAs":["https:\/\/www.facebook.com\/ecommercegermany","https:\/\/www.facebook.com\/graulawtransport","https:\/\/www.linkedin.com\/company\/graulaw\/"]}]}},"_links":{"self":[{"href":"https:\/\/www.graulaw.eu\/de\/wp-json\/wp\/v2\/pages\/2729","targetHints":{"allow":["GET"]}}],"collection":[{"href":"https:\/\/www.graulaw.eu\/de\/wp-json\/wp\/v2\/pages"}],"about":[{"href":"https:\/\/www.graulaw.eu\/de\/wp-json\/wp\/v2\/types\/page"}],"author":[{"embeddable":true,"href":"https:\/\/www.graulaw.eu\/de\/wp-json\/wp\/v2\/users\/8"}],"replies":[{"embeddable":true,"href":"https:\/\/www.graulaw.eu\/de\/wp-json\/wp\/v2\/comments?post=2729"}],"version-history":[{"count":37,"href":"https:\/\/www.graulaw.eu\/de\/wp-json\/wp\/v2\/pages\/2729\/revisions"}],"predecessor-version":[{"id":6596,"href":"https:\/\/www.graulaw.eu\/de\/wp-json\/wp\/v2\/pages\/2729\/revisions\/6596"}],"wp:attachment":[{"href":"https:\/\/www.graulaw.eu\/de\/wp-json\/wp\/v2\/media?parent=2729"}],"curies":[{"name":"wp","href":"https:\/\/api.w.org\/{rel}","templated":true}]}}