{"id":1352,"date":"2022-05-18T10:47:33","date_gmt":"2022-05-18T10:47:33","guid":{"rendered":"http:\/\/grau.stettiner.co\/?page_id=1352"},"modified":"2022-09-27T12:48:03","modified_gmt":"2022-09-27T12:48:03","slug":"vertriebsrecht","status":"publish","type":"page","link":"https:\/\/www.graulaw.eu\/de\/vertriebsrecht\/","title":{"rendered":"Vertriebsrecht"},"content":{"rendered":"\t\t<div data-elementor-type=\"wp-page\" data-elementor-id=\"1352\" class=\"elementor elementor-1352\">\n\t\t\t\t\t\t<section class=\"elementor-section elementor-top-section elementor-element elementor-element-4c5033f elementor-section-boxed elementor-section-height-default elementor-section-height-default\" data-id=\"4c5033f\" data-element_type=\"section\" data-e-type=\"section\" data-settings=\"{&quot;background_background&quot;:&quot;slideshow&quot;,&quot;background_slideshow_gallery&quot;:[{&quot;id&quot;:5124,&quot;url&quot;:&quot;https:\\\/\\\/www.graulaw.eu\\\/wp-content\\\/uploads\\\/2022\\\/07\\\/grau_header-bg_expertise_1920x300-min.jpg&quot;}],&quot;background_slideshow_slide_duration&quot;:5000,&quot;background_slideshow_slide_transition&quot;:&quot;fade&quot;,&quot;background_slideshow_transition_duration&quot;:500}\">\n\t\t\t\t\t\t<div class=\"elementor-container elementor-column-gap-no\">\n\t\t\t\t\t<div class=\"elementor-column elementor-col-100 elementor-top-column elementor-element elementor-element-05b8208\" data-id=\"05b8208\" data-element_type=\"column\" data-e-type=\"column\">\n\t\t\t<div class=\"elementor-widget-wrap elementor-element-populated\">\n\t\t\t\t\t\t<div class=\"elementor-element elementor-element-250316d elementor-widget elementor-widget-image\" data-id=\"250316d\" data-element_type=\"widget\" data-e-type=\"widget\" data-widget_type=\"image.default\">\n\t\t\t\t<div class=\"elementor-widget-container\">\n\t\t\t\t\t\t\t\t\t\t\t\t\t\t\t<img fetchpriority=\"high\" decoding=\"async\" width=\"1366\" height=\"300\" src=\"https:\/\/www.graulaw.eu\/wp-content\/uploads\/2022\/07\/wirtschaftsrecht.png\" class=\"attachment-full size-full wp-image-5268\" alt=\"\" srcset=\"https:\/\/www.graulaw.eu\/wp-content\/uploads\/2022\/07\/wirtschaftsrecht.png 1366w, https:\/\/www.graulaw.eu\/wp-content\/uploads\/2022\/07\/wirtschaftsrecht-300x66.png 300w, https:\/\/www.graulaw.eu\/wp-content\/uploads\/2022\/07\/wirtschaftsrecht-1024x225.png 1024w, https:\/\/www.graulaw.eu\/wp-content\/uploads\/2022\/07\/wirtschaftsrecht-768x169.png 768w\" sizes=\"(max-width: 1366px) 100vw, 1366px\" \/>\t\t\t\t\t\t\t\t\t\t\t\t\t\t\t<\/div>\n\t\t\t\t<\/div>\n\t\t\t\t\t<\/div>\n\t\t<\/div>\n\t\t\t\t\t<\/div>\n\t\t<\/section>\n\t\t\t\t<section class=\"elementor-section elementor-top-section elementor-element elementor-element-24436c4 elementor-section-boxed elementor-section-height-default elementor-section-height-default\" data-id=\"24436c4\" data-element_type=\"section\" data-e-type=\"section\" data-settings=\"{&quot;background_background&quot;:&quot;classic&quot;}\">\n\t\t\t\t\t\t<div class=\"elementor-container elementor-column-gap-no\">\n\t\t\t\t\t<div class=\"elementor-column elementor-col-100 elementor-top-column elementor-element elementor-element-913a47c\" data-id=\"913a47c\" data-element_type=\"column\" data-e-type=\"column\">\n\t\t\t<div class=\"elementor-widget-wrap elementor-element-populated\">\n\t\t\t\t\t\t<div class=\"elementor-element elementor-element-ea547eb elementor-widget elementor-widget-grau-breadcrumbs\" data-id=\"ea547eb\" data-element_type=\"widget\" data-e-type=\"widget\" data-widget_type=\"grau-breadcrumbs.default\">\n\t\t\t\t<div class=\"elementor-widget-container\">\n\t\t\t\t\t        <div class=\"grau-breadcrumbs\">\n                            <a href=\"\/de\/\">Start<\/a>\n                <span class=\"grau-breadcrumbs__arrow\"><\/span>\n                                <a href=\"\/de\/unsere-expertise\/\">Unsere Expertise<\/a>\n                <span class=\"grau-breadcrumbs__arrow\"><\/span>\n                                <a href=\"\/de\/wirtschaftsrecht\/\">Wirtschaftsrecht<\/a>\n                <span class=\"grau-breadcrumbs__arrow\"><\/span>\n                                <a href=\"https:\/\/www.graulaw.eu\/de\/vertriebsrecht\/\">Vertriebsrecht<\/a>\n                <span class=\"grau-breadcrumbs__arrow\"><\/span>\n                        <\/div>\n        \t\t\t\t<\/div>\n\t\t\t\t<\/div>\n\t\t\t\t\t<\/div>\n\t\t<\/div>\n\t\t\t\t\t<\/div>\n\t\t<\/section>\n\t\t\t\t<section class=\"elementor-section elementor-top-section elementor-element elementor-element-8fef0ed elementor-section-boxed elementor-section-height-default elementor-section-height-default\" data-id=\"8fef0ed\" data-element_type=\"section\" data-e-type=\"section\">\n\t\t\t\t\t\t<div class=\"elementor-container elementor-column-gap-default\">\n\t\t\t\t\t<div class=\"elementor-column elementor-col-100 elementor-top-column elementor-element elementor-element-174f08c\" data-id=\"174f08c\" data-element_type=\"column\" data-e-type=\"column\">\n\t\t\t<div class=\"elementor-widget-wrap elementor-element-populated\">\n\t\t\t\t\t\t<div class=\"elementor-element elementor-element-ea1a44e elementor-widget elementor-widget-heading\" data-id=\"ea1a44e\" data-element_type=\"widget\" data-e-type=\"widget\" data-widget_type=\"heading.default\">\n\t\t\t\t<div class=\"elementor-widget-container\">\n\t\t\t\t\t<h1 class=\"elementor-heading-title elementor-size-default\">Vertriebsrecht<\/h1>\t\t\t\t<\/div>\n\t\t\t\t<\/div>\n\t\t\t\t\t<\/div>\n\t\t<\/div>\n\t\t\t\t\t<\/div>\n\t\t<\/section>\n\t\t\t\t<section class=\"elementor-section elementor-top-section elementor-element elementor-element-bd89792 elementor-section-boxed elementor-section-height-default elementor-section-height-default\" data-id=\"bd89792\" data-element_type=\"section\" data-e-type=\"section\">\n\t\t\t\t\t\t<div class=\"elementor-container elementor-column-gap-default\">\n\t\t\t\t\t<div class=\"elementor-column elementor-col-100 elementor-top-column elementor-element elementor-element-e5292af\" data-id=\"e5292af\" data-element_type=\"column\" data-e-type=\"column\">\n\t\t\t<div class=\"elementor-widget-wrap elementor-element-populated\">\n\t\t\t\t\t\t<div class=\"elementor-element elementor-element-7f5ea84 grau-text-editor elementor-widget elementor-widget-text-editor\" data-id=\"7f5ea84\" data-element_type=\"widget\" data-e-type=\"widget\" data-widget_type=\"text-editor.default\">\n\t\t\t\t<div class=\"elementor-widget-container\">\n\t\t\t\t\t\t\t\t\t<p>Heutzutage werden Waren und Dienstleistungen immer weniger im Direktvertrieb oder durch eigene Niederlassungen vertrieben; Unternehmen orientieren sich in Richtung der\u00a0<strong>Vertriebssysteme<\/strong>\u00a0und arbeiten zusammen mit\u00a0<strong>Handelsvertretern, Vertragsh\u00e4ndlern und Franchisenehmern<\/strong>. Die Entscheidung dar\u00fcber, in welcher Vertriebsform ein Unternehmen auf dem Markt t\u00e4tig wird, ist zentral. Ob Sie Ihre Waren und Dienstleistungen durch Handelsvertreter, Vertragsh\u00e4ndler oder Franchise \u201ean den Mann bringen\u201c, ist f\u00fcr den Erfolg Ihres Unternehmens entscheidend.<\/p><p>Der\u00a0<strong>Handelsvertreter<\/strong>\u00a0wird damit beauftragt, Gesch\u00e4fte f\u00fcr einen anderen Unternehmer zu vermitteln oder in dessen Namen abzuschlie\u00dfen. Er arbeitet in fremdem Namen und f\u00fcr fremde Rechnung. Im Gegensatz dazu \u00fcbernimmt ein<strong>\u00a0Vertragsh\u00e4ndler<\/strong>\u00a0den Vertrieb der Ware im eigenen Namen und auf eigene Rechnung. Auch ein\u00a0<strong>Franchisenehmer<\/strong>\u00a0verkauft im eigenen Namen und auf eigene Rechnung. Kennzeichnend f\u00fcr den Franchisevertrag ist das lizenzvertragliche Element, der Franchisenehmer entrichtet f\u00fcr die Benutzung des sog.\u00a0<strong>\u201eFranchisepakets\u201c,<\/strong>\u00a0das \u00fcblicherweise aus\u00a0<strong>Marken, Firmennamen und Know-how<\/strong>\u00a0besteht, eine<strong>\u00a0Lizenzgeb\u00fchr<\/strong>.<\/p><p>Wir unterst\u00fctzen Sie beim Aufbau eines auf Ihr Unternehmen zugeschnittenen Vertriebssystems. Wir entwerfen f\u00fcr Sie Handelsvertreter-, Vertragsh\u00e4ndler- oder Franchisevertr\u00e4ge\u00a0<strong>deutschland- und europaweit.<\/strong><\/p><p>\u00a0<\/p><h2>VERTRIEBSSYSTEME<\/h2><h3>Vertriebssysteme<\/h3><p>Der Vertrieb von Ware kann auf unterschiedliche Art und Weise erfolgen. Zum einem ist die typische Form des unmittelbaren Vertriebs denkbar, in der Form, dass die Ware durch die\u00a0<strong>eigene<\/strong>\u00a0<strong>Marketingabteilung<\/strong>\u00a0vertrieben wird. Zum anderen kann der Vertrieb durch\u00a0<strong>mittelbare Vertriebssysteme<\/strong>\u00a0erfolgen, d.h. \u00fcber selbst\u00e4ndig agierende Dritte, wie z.B.\u00a0<strong>Handelsvertreter, Vertragsh\u00e4ndler, Kommission\u00e4re und Franchisenehmer<\/strong>.<\/p><p>\u00a0<\/p><h3>Handelsvertretersysteme<\/h3><p>Der\u00a0<strong>Handelsvertreter<\/strong>\u00a0vermittelt Gesch\u00e4fte zwischen den von ihm vertretenen Unternehmen und Kunden und erh\u00e4lt hierf\u00fcr eine\u00a0<strong>Provision<\/strong>. Vorteil des Handelsvertretersystems ist, dass die Provisionen\u00a0<strong>nur im Erfolgsfall<\/strong>\u00a0zu zahlen sind und der Handelsvertreter eine\u00a0<strong>Berichterstattungspflicht\u00a0<\/strong>an den Gesch\u00e4ftsherren hat. Zu ber\u00fccksichtigen ist, dass das Handelsvertreterrecht europaweit harmonisiert wurde und dass die Berechnung des Handelsvertreterausgleichs in den EU-Staaten unterschiedlich erfolgt. Die nationalen Unterschiede spielen insbesondere beim Aufbau eines europaweiten Handelsvertretersystems eine wichtige Rolle.<\/p><p>\u00a0<\/p><h3>Vertragsh\u00e4ndlersysteme<\/h3><p>Der\u00a0<strong>Vertragsh\u00e4ndler<\/strong>\u00a0kauft und verkauft Waren\u00a0<strong>im eigenen Namen und auf eigene Rechnung<\/strong>. Ein Vertragsh\u00e4ndler ist auf die Weise in die Vertriebsorganisation des Herstellers eingegliedert, dass er auf der Grundlage eines Vertrages mit dem Hersteller laufend Waren \u00fcbernimmt, um diese in seinem Vertragsgebiet zu vertreiben. Im Gesch\u00e4ftsverkehr wird das Herstellerzeichen neben der eigenen Firma herausgestellt. Die gegenseitigen vertraglichen Pflichten sind in der Regel in einem\u00a0<strong>Rahmenvertrag<\/strong>\u00a0zusammengefasst; einzelne Verkaufsgesch\u00e4fte sind hingegen in eigenst\u00e4ndigen\u00a0<strong>Einzelvertr\u00e4gen<\/strong>\u00a0geregelt.<\/p><p>\u00a0<\/p><h3>Kommissionssysteme<\/h3><p>Der\u00a0<strong>Kommission\u00e4r<\/strong>\u00a0verkauft\u00a0<strong>in eigenem Namen<\/strong>, aber\u00a0<strong>auf Rechnung des Lieferanten<\/strong>. In der Regel haben Kommission\u00e4re ein Warenlager, das im Eigentum des Kommittenten steht und aus dem sie Waren entnehmen und ver\u00e4u\u00dfern k\u00f6nnen. Wenn der Kommission\u00e4r st\u00e4ndig mit solchen Abschl\u00fcssen in eigenem Namen f\u00fcr einen bestimmten Vertragspartner betraut ist, handelt er als sog.\u00a0<strong>Kommissionsagent<\/strong>. Der Kommissionsagent befindet sich in einem Dauerschuldverh\u00e4ltnis, das ihn zum T\u00e4tigwerden im Interesse und f\u00fcr Rechnung seines Auftraggebers verpflichtet.<\/p><p>\u00a0<\/p><h3>Franchisesysteme<\/h3><p>Der\u00a0<strong>Franchisenehmer<\/strong>\u00a0verkauft Waren\u00a0<strong>im eigenen Namen und auf eigene Rechnung\u00a0<\/strong>an Endverbraucher. Dem Franchisenehmer werden gegen eine\u00a0<strong>Lizenzgeb\u00fchr<\/strong>\u00a0<strong>Schutzrechte (z.B. Marken, Geschmacksmuster etc.)<\/strong>\u00a0und ein entsprechendes\u00a0<strong>Know-how<\/strong>\u00a0zur Verf\u00fcgung gestellt. Der Franchisenehmer tritt regelm\u00e4\u00dfig nicht unter eigener Firma, sondern unter der jeweiligen Franchise auf. Da der Franchisenehmer in einer besonderen Abh\u00e4ngigkeit zum Hersteller steht, ist er laut Rechtsprechung besonders schutzbed\u00fcrftig.<\/p><p>F\u00fcr die Wahl des passenden Vertriebssystems sind nicht nur rechtliche Aspekte und Gegebenheiten des Marktes, sondern auch die\u00a0<strong>Effektivit\u00e4t der Vertriebssteuerung\u00a0<\/strong>und<strong>\u00a0Kostenkalkulation<\/strong>\u00a0von Bedeutung.<\/p>\t\t\t\t\t\t\t\t<\/div>\n\t\t\t\t<\/div>\n\t\t\t\t\t<\/div>\n\t\t<\/div>\n\t\t\t\t\t<\/div>\n\t\t<\/section>\n\t\t\t\t<section class=\"elementor-section elementor-top-section elementor-element elementor-element-6f55067 elementor-section-boxed elementor-section-height-default elementor-section-height-default\" data-id=\"6f55067\" data-element_type=\"section\" data-e-type=\"section\" data-settings=\"{&quot;background_background&quot;:&quot;slideshow&quot;,&quot;background_slideshow_gallery&quot;:[{&quot;id&quot;:136,&quot;url&quot;:&quot;https:\\\/\\\/www.graulaw.eu\\\/wp-content\\\/uploads\\\/2022\\\/04\\\/contact_bg.jpg&quot;}],&quot;background_slideshow_slide_duration&quot;:5000,&quot;background_slideshow_slide_transition&quot;:&quot;fade&quot;,&quot;background_slideshow_transition_duration&quot;:500}\">\n\t\t\t\t\t\t<div class=\"elementor-container elementor-column-gap-default\">\n\t\t\t\t\t<div class=\"elementor-column elementor-col-100 elementor-top-column elementor-element elementor-element-9d756b6\" data-id=\"9d756b6\" data-element_type=\"column\" data-e-type=\"column\">\n\t\t\t<div class=\"elementor-widget-wrap elementor-element-populated\">\n\t\t\t\t\t\t<div class=\"elementor-element elementor-element-3b90119 elementor-widget elementor-widget-text-editor\" data-id=\"3b90119\" data-element_type=\"widget\" data-e-type=\"widget\" data-widget_type=\"text-editor.default\">\n\t\t\t\t<div class=\"elementor-widget-container\">\n\t\t\t\t\t\t\t\t\tSIE HABEN FRAGEN ODER BEN\u00d6TIGEN UNSEREN RAT?\t\t\t\t\t\t\t\t<\/div>\n\t\t\t\t<\/div>\n\t\t\t\t<div class=\"elementor-element elementor-element-66bcf78 elementor-widget elementor-widget-text-editor\" data-id=\"66bcf78\" data-element_type=\"widget\" data-e-type=\"widget\" data-widget_type=\"text-editor.default\">\n\t\t\t\t<div class=\"elementor-widget-container\">\n\t\t\t\t\t\t\t\t\t<p>Sprechen Sie uns an &#8211; wir helfen Ihnen weiter.<\/p>\t\t\t\t\t\t\t\t<\/div>\n\t\t\t\t<\/div>\n\t\t\t\t<div class=\"elementor-element elementor-element-33712ad elementor-widget elementor-widget-button\" data-id=\"33712ad\" data-element_type=\"widget\" data-e-type=\"widget\" data-widget_type=\"button.default\">\n\t\t\t\t<div class=\"elementor-widget-container\">\n\t\t\t\t\t\t\t\t\t<div class=\"elementor-button-wrapper\">\n\t\t\t\t\t<a class=\"elementor-button elementor-button-link elementor-size-sm\" href=\"\/de\/kontakt\/\">\n\t\t\t\t\t\t<span class=\"elementor-button-content-wrapper\">\n\t\t\t\t\t\t\t\t\t<span class=\"elementor-button-text\">Zum Kontakt<\/span>\n\t\t\t\t\t<\/span>\n\t\t\t\t\t<\/a>\n\t\t\t\t<\/div>\n\t\t\t\t\t\t\t\t<\/div>\n\t\t\t\t<\/div>\n\t\t\t\t\t<\/div>\n\t\t<\/div>\n\t\t\t\t\t<\/div>\n\t\t<\/section>\n\t\t\t\t<\/div>\n\t\t","protected":false},"excerpt":{"rendered":"<p>Start Unsere Expertise Wirtschaftsrecht Vertriebsrecht Heutzutage werden Waren und Dienstleistungen immer weniger im Direktvertrieb oder durch eigene Niederlassungen vertrieben; Unternehmen orientieren sich in Richtung der\u00a0Vertriebssysteme\u00a0und arbeiten zusammen mit\u00a0Handelsvertretern, Vertragsh\u00e4ndlern und Franchisenehmern. Die Entscheidung dar\u00fcber, in welcher Vertriebsform ein Unternehmen auf dem Markt t\u00e4tig wird, ist zentral. Ob Sie Ihre Waren und Dienstleistungen durch Handelsvertreter, Vertragsh\u00e4ndler [&hellip;]<\/p>\n","protected":false},"author":8,"featured_media":0,"parent":0,"menu_order":0,"comment_status":"closed","ping_status":"closed","template":"elementor_header_footer","meta":{"inline_featured_image":false,"footnotes":""},"class_list":["post-1352","page","type-page","status-publish","hentry"],"yoast_head":"<!-- This site is optimized with the Yoast SEO plugin v27.4 - https:\/\/yoast.com\/product\/yoast-seo-wordpress\/ -->\n<title>Vertriebsrecht | Grau Rechtsanw\u00e4lte PartGmbB<\/title>\n<meta name=\"robots\" content=\"index, follow, max-snippet:-1, max-image-preview:large, max-video-preview:-1\" \/>\n<link rel=\"canonical\" href=\"https:\/\/www.graulaw.eu\/de\/vertriebsrecht\/\" \/>\n<meta property=\"og:locale\" content=\"de_DE\" \/>\n<meta property=\"og:type\" content=\"article\" \/>\n<meta property=\"og:title\" content=\"Vertriebsrecht | Grau Rechtsanw\u00e4lte PartGmbB\" \/>\n<meta property=\"og:description\" content=\"Start Unsere Expertise Wirtschaftsrecht Vertriebsrecht Heutzutage werden Waren und Dienstleistungen immer weniger im Direktvertrieb oder durch eigene Niederlassungen vertrieben; Unternehmen orientieren sich in Richtung der\u00a0Vertriebssysteme\u00a0und arbeiten zusammen mit\u00a0Handelsvertretern, Vertragsh\u00e4ndlern und Franchisenehmern. Die Entscheidung dar\u00fcber, in welcher Vertriebsform ein Unternehmen auf dem Markt t\u00e4tig wird, ist zentral. Ob Sie Ihre Waren und Dienstleistungen durch Handelsvertreter, Vertragsh\u00e4ndler [&hellip;]\" \/>\n<meta property=\"og:url\" content=\"https:\/\/www.graulaw.eu\/de\/vertriebsrecht\/\" \/>\n<meta property=\"og:site_name\" content=\"Grau Rechtsanw\u00e4lte PartGmbB\" \/>\n<meta property=\"article:publisher\" content=\"https:\/\/www.facebook.com\/ecommercegermany\" \/>\n<meta property=\"article:modified_time\" content=\"2022-09-27T12:48:03+00:00\" \/>\n<meta property=\"og:image\" content=\"http:\/\/grau.stettiner.co\/wp-content\/uploads\/2022\/07\/wirtschaftsrecht.png\" \/>\n<meta name=\"twitter:card\" content=\"summary_large_image\" \/>\n<meta name=\"twitter:label1\" content=\"Gesch\u00e4tzte Lesezeit\" \/>\n\t<meta name=\"twitter:data1\" content=\"3\u00a0Minuten\" \/>\n<script type=\"application\/ld+json\" class=\"yoast-schema-graph\">{\"@context\":\"https:\\\/\\\/schema.org\",\"@graph\":[{\"@type\":\"WebPage\",\"@id\":\"https:\\\/\\\/www.graulaw.eu\\\/de\\\/vertriebsrecht\\\/\",\"url\":\"https:\\\/\\\/www.graulaw.eu\\\/de\\\/vertriebsrecht\\\/\",\"name\":\"Vertriebsrecht | Grau Rechtsanw\u00e4lte PartGmbB\",\"isPartOf\":{\"@id\":\"https:\\\/\\\/www.graulaw.eu\\\/de\\\/#website\"},\"primaryImageOfPage\":{\"@id\":\"https:\\\/\\\/www.graulaw.eu\\\/de\\\/vertriebsrecht\\\/#primaryimage\"},\"image\":{\"@id\":\"https:\\\/\\\/www.graulaw.eu\\\/de\\\/vertriebsrecht\\\/#primaryimage\"},\"thumbnailUrl\":\"http:\\\/\\\/grau.stettiner.co\\\/wp-content\\\/uploads\\\/2022\\\/07\\\/wirtschaftsrecht.png\",\"datePublished\":\"2022-05-18T10:47:33+00:00\",\"dateModified\":\"2022-09-27T12:48:03+00:00\",\"breadcrumb\":{\"@id\":\"https:\\\/\\\/www.graulaw.eu\\\/de\\\/vertriebsrecht\\\/#breadcrumb\"},\"inLanguage\":\"de\",\"potentialAction\":[{\"@type\":\"ReadAction\",\"target\":[\"https:\\\/\\\/www.graulaw.eu\\\/de\\\/vertriebsrecht\\\/\"]}]},{\"@type\":\"ImageObject\",\"inLanguage\":\"de\",\"@id\":\"https:\\\/\\\/www.graulaw.eu\\\/de\\\/vertriebsrecht\\\/#primaryimage\",\"url\":\"http:\\\/\\\/grau.stettiner.co\\\/wp-content\\\/uploads\\\/2022\\\/07\\\/wirtschaftsrecht.png\",\"contentUrl\":\"http:\\\/\\\/grau.stettiner.co\\\/wp-content\\\/uploads\\\/2022\\\/07\\\/wirtschaftsrecht.png\"},{\"@type\":\"BreadcrumbList\",\"@id\":\"https:\\\/\\\/www.graulaw.eu\\\/de\\\/vertriebsrecht\\\/#breadcrumb\",\"itemListElement\":[{\"@type\":\"ListItem\",\"position\":1,\"name\":\"Home\",\"item\":\"https:\\\/\\\/www.graulaw.eu\\\/de\\\/\"},{\"@type\":\"ListItem\",\"position\":2,\"name\":\"Vertriebsrecht\"}]},{\"@type\":\"WebSite\",\"@id\":\"https:\\\/\\\/www.graulaw.eu\\\/de\\\/#website\",\"url\":\"https:\\\/\\\/www.graulaw.eu\\\/de\\\/\",\"name\":\"Grau Rechtsanw\u00e4lte PartGmbB\",\"description\":\"GRAU Rechtsanw\u00e4lte PartGmbB ist eine international ausgerichtete Rechtsanwaltskanzlei mit wirtschaftsrechtlicher Ausrichtung und Sitz in Hamburg.\",\"publisher\":{\"@id\":\"https:\\\/\\\/www.graulaw.eu\\\/de\\\/#organization\"},\"potentialAction\":[{\"@type\":\"SearchAction\",\"target\":{\"@type\":\"EntryPoint\",\"urlTemplate\":\"https:\\\/\\\/www.graulaw.eu\\\/de\\\/?s={search_term_string}\"},\"query-input\":{\"@type\":\"PropertyValueSpecification\",\"valueRequired\":true,\"valueName\":\"search_term_string\"}}],\"inLanguage\":\"de\"},{\"@type\":\"Organization\",\"@id\":\"https:\\\/\\\/www.graulaw.eu\\\/de\\\/#organization\",\"name\":\"Grau Rechtsanw\u00e4lte PartGmbB\",\"url\":\"https:\\\/\\\/www.graulaw.eu\\\/de\\\/\",\"logo\":{\"@type\":\"ImageObject\",\"inLanguage\":\"de\",\"@id\":\"https:\\\/\\\/www.graulaw.eu\\\/de\\\/#\\\/schema\\\/logo\\\/image\\\/\",\"url\":\"https:\\\/\\\/www.graulaw.eu\\\/wp-content\\\/uploads\\\/2022\\\/04\\\/logo.svg\",\"contentUrl\":\"https:\\\/\\\/www.graulaw.eu\\\/wp-content\\\/uploads\\\/2022\\\/04\\\/logo.svg\",\"width\":150,\"height\":48,\"caption\":\"Grau Rechtsanw\u00e4lte PartGmbB\"},\"image\":{\"@id\":\"https:\\\/\\\/www.graulaw.eu\\\/de\\\/#\\\/schema\\\/logo\\\/image\\\/\"},\"sameAs\":[\"https:\\\/\\\/www.facebook.com\\\/ecommercegermany\",\"https:\\\/\\\/www.facebook.com\\\/graulawtransport\",\"https:\\\/\\\/www.linkedin.com\\\/company\\\/graulaw\\\/\"]}]}<\/script>\n<!-- \/ Yoast SEO plugin. -->","yoast_head_json":{"title":"Vertriebsrecht | Grau Rechtsanw\u00e4lte PartGmbB","robots":{"index":"index","follow":"follow","max-snippet":"max-snippet:-1","max-image-preview":"max-image-preview:large","max-video-preview":"max-video-preview:-1"},"canonical":"https:\/\/www.graulaw.eu\/de\/vertriebsrecht\/","og_locale":"de_DE","og_type":"article","og_title":"Vertriebsrecht | Grau Rechtsanw\u00e4lte PartGmbB","og_description":"Start Unsere Expertise Wirtschaftsrecht Vertriebsrecht Heutzutage werden Waren und Dienstleistungen immer weniger im Direktvertrieb oder durch eigene Niederlassungen vertrieben; Unternehmen orientieren sich in Richtung der\u00a0Vertriebssysteme\u00a0und arbeiten zusammen mit\u00a0Handelsvertretern, Vertragsh\u00e4ndlern und Franchisenehmern. Die Entscheidung dar\u00fcber, in welcher Vertriebsform ein Unternehmen auf dem Markt t\u00e4tig wird, ist zentral. Ob Sie Ihre Waren und Dienstleistungen durch Handelsvertreter, Vertragsh\u00e4ndler [&hellip;]","og_url":"https:\/\/www.graulaw.eu\/de\/vertriebsrecht\/","og_site_name":"Grau Rechtsanw\u00e4lte PartGmbB","article_publisher":"https:\/\/www.facebook.com\/ecommercegermany","article_modified_time":"2022-09-27T12:48:03+00:00","og_image":[{"url":"http:\/\/grau.stettiner.co\/wp-content\/uploads\/2022\/07\/wirtschaftsrecht.png","type":"","width":"","height":""}],"twitter_card":"summary_large_image","twitter_misc":{"Gesch\u00e4tzte Lesezeit":"3\u00a0Minuten"},"schema":{"@context":"https:\/\/schema.org","@graph":[{"@type":"WebPage","@id":"https:\/\/www.graulaw.eu\/de\/vertriebsrecht\/","url":"https:\/\/www.graulaw.eu\/de\/vertriebsrecht\/","name":"Vertriebsrecht | Grau Rechtsanw\u00e4lte PartGmbB","isPartOf":{"@id":"https:\/\/www.graulaw.eu\/de\/#website"},"primaryImageOfPage":{"@id":"https:\/\/www.graulaw.eu\/de\/vertriebsrecht\/#primaryimage"},"image":{"@id":"https:\/\/www.graulaw.eu\/de\/vertriebsrecht\/#primaryimage"},"thumbnailUrl":"http:\/\/grau.stettiner.co\/wp-content\/uploads\/2022\/07\/wirtschaftsrecht.png","datePublished":"2022-05-18T10:47:33+00:00","dateModified":"2022-09-27T12:48:03+00:00","breadcrumb":{"@id":"https:\/\/www.graulaw.eu\/de\/vertriebsrecht\/#breadcrumb"},"inLanguage":"de","potentialAction":[{"@type":"ReadAction","target":["https:\/\/www.graulaw.eu\/de\/vertriebsrecht\/"]}]},{"@type":"ImageObject","inLanguage":"de","@id":"https:\/\/www.graulaw.eu\/de\/vertriebsrecht\/#primaryimage","url":"http:\/\/grau.stettiner.co\/wp-content\/uploads\/2022\/07\/wirtschaftsrecht.png","contentUrl":"http:\/\/grau.stettiner.co\/wp-content\/uploads\/2022\/07\/wirtschaftsrecht.png"},{"@type":"BreadcrumbList","@id":"https:\/\/www.graulaw.eu\/de\/vertriebsrecht\/#breadcrumb","itemListElement":[{"@type":"ListItem","position":1,"name":"Home","item":"https:\/\/www.graulaw.eu\/de\/"},{"@type":"ListItem","position":2,"name":"Vertriebsrecht"}]},{"@type":"WebSite","@id":"https:\/\/www.graulaw.eu\/de\/#website","url":"https:\/\/www.graulaw.eu\/de\/","name":"Grau Rechtsanw\u00e4lte PartGmbB","description":"GRAU Rechtsanw\u00e4lte PartGmbB ist eine international ausgerichtete Rechtsanwaltskanzlei mit wirtschaftsrechtlicher Ausrichtung und Sitz in Hamburg.","publisher":{"@id":"https:\/\/www.graulaw.eu\/de\/#organization"},"potentialAction":[{"@type":"SearchAction","target":{"@type":"EntryPoint","urlTemplate":"https:\/\/www.graulaw.eu\/de\/?s={search_term_string}"},"query-input":{"@type":"PropertyValueSpecification","valueRequired":true,"valueName":"search_term_string"}}],"inLanguage":"de"},{"@type":"Organization","@id":"https:\/\/www.graulaw.eu\/de\/#organization","name":"Grau Rechtsanw\u00e4lte PartGmbB","url":"https:\/\/www.graulaw.eu\/de\/","logo":{"@type":"ImageObject","inLanguage":"de","@id":"https:\/\/www.graulaw.eu\/de\/#\/schema\/logo\/image\/","url":"https:\/\/www.graulaw.eu\/wp-content\/uploads\/2022\/04\/logo.svg","contentUrl":"https:\/\/www.graulaw.eu\/wp-content\/uploads\/2022\/04\/logo.svg","width":150,"height":48,"caption":"Grau Rechtsanw\u00e4lte PartGmbB"},"image":{"@id":"https:\/\/www.graulaw.eu\/de\/#\/schema\/logo\/image\/"},"sameAs":["https:\/\/www.facebook.com\/ecommercegermany","https:\/\/www.facebook.com\/graulawtransport","https:\/\/www.linkedin.com\/company\/graulaw\/"]}]}},"_links":{"self":[{"href":"https:\/\/www.graulaw.eu\/de\/wp-json\/wp\/v2\/pages\/1352","targetHints":{"allow":["GET"]}}],"collection":[{"href":"https:\/\/www.graulaw.eu\/de\/wp-json\/wp\/v2\/pages"}],"about":[{"href":"https:\/\/www.graulaw.eu\/de\/wp-json\/wp\/v2\/types\/page"}],"author":[{"embeddable":true,"href":"https:\/\/www.graulaw.eu\/de\/wp-json\/wp\/v2\/users\/8"}],"replies":[{"embeddable":true,"href":"https:\/\/www.graulaw.eu\/de\/wp-json\/wp\/v2\/comments?post=1352"}],"version-history":[{"count":29,"href":"https:\/\/www.graulaw.eu\/de\/wp-json\/wp\/v2\/pages\/1352\/revisions"}],"predecessor-version":[{"id":6599,"href":"https:\/\/www.graulaw.eu\/de\/wp-json\/wp\/v2\/pages\/1352\/revisions\/6599"}],"wp:attachment":[{"href":"https:\/\/www.graulaw.eu\/de\/wp-json\/wp\/v2\/media?parent=1352"}],"curies":[{"name":"wp","href":"https:\/\/api.w.org\/{rel}","templated":true}]}}